{"id":1487,"date":"2021-05-19T09:06:31","date_gmt":"2021-05-19T09:06:31","guid":{"rendered":"https:\/\/theta.com.ro\/contact\/"},"modified":"2022-06-17T13:09:50","modified_gmt":"2022-06-17T13:09:50","slug":"contact","status":"publish","type":"page","link":"https:\/\/theta.com.ro\/ro\/contact\/","title":{"rendered":"Contact"},"content":{"rendered":"\t\t<div data-elementor-type=\"wp-page\" data-elementor-id=\"1487\" class=\"elementor elementor-1487 elementor-560\">\n\t\t\t\t\t\t\t\t\t<section class=\"elementor-section elementor-top-section elementor-element elementor-element-984f0cf elementor-section-boxed elementor-section-height-default elementor-section-height-default\" data-id=\"984f0cf\" data-element_type=\"section\">\n\t\t\t\t\t\t<div class=\"elementor-container elementor-column-gap-default\">\n\t\t\t\t\t<div class=\"elementor-column elementor-col-100 elementor-top-column elementor-element elementor-element-b03f925\" data-id=\"b03f925\" data-element_type=\"column\">\n\t\t\t<div class=\"elementor-widget-wrap elementor-element-populated\">\n\t\t\t\t\t\t\t\t<div class=\"elementor-element elementor-element-d4f9b3c elementor-widget elementor-widget-google_maps\" data-id=\"d4f9b3c\" data-element_type=\"widget\" id=\"map-contact-buc\" data-widget_type=\"google_maps.default\">\n\t\t\t\t<div class=\"elementor-widget-container\">\n\t\t\t\t\t<div class=\"elementor-custom-embed\">\n\t\t\t<iframe frameborder=\"0\" scrolling=\"no\" marginheight=\"0\" marginwidth=\"0\"\n\t\t\t\t\tsrc=\"https:\/\/maps.google.com\/maps?q=Willbrook%20Platinum%20Business%20%26%20Convention%20Center%2C%20Sos.%20Bucuresti-Ploiesti%20nr.%20172-176%2C%20Bucharest%2C%20Sector%201%2C%20Cl%C4%83direa%20A%2C%20etaj%203&#038;t=m&#038;z=10&#038;output=embed&#038;iwloc=near\"\n\t\t\t\t\ttitle=\"Willbrook Platinum Business &amp; Convention Center, Sos. Bucuresti-Ploiesti nr. 172-176, Bucharest, Sector 1, Cl\u0103direa A, etaj 3\"\n\t\t\t\t\taria-label=\"Willbrook Platinum Business &amp; Convention Center, Sos. Bucuresti-Ploiesti nr. 172-176, Bucharest, Sector 1, Cl\u0103direa A, etaj 3\"\n\t\t\t><\/iframe>\n\t\t<\/div>\n\t\t\t\t<\/div>\n\t\t\t\t<\/div>\n\t\t\t\t<div class=\"elementor-element elementor-element-47f97ba elementor-hidden-desktop elementor-hidden-tablet elementor-hidden-phone elementor-widget elementor-widget-google_maps\" data-id=\"47f97ba\" data-element_type=\"widget\" id=\"map-contact-plo\" data-widget_type=\"google_maps.default\">\n\t\t\t\t<div class=\"elementor-widget-container\">\n\t\t\t\t\t<div class=\"elementor-custom-embed\">\n\t\t\t<iframe frameborder=\"0\" scrolling=\"no\" marginheight=\"0\" marginwidth=\"0\"\n\t\t\t\t\tsrc=\"https:\/\/maps.google.com\/maps?q=Com.%20P%C4%83ulesti%2C%20Str.%20Constructorului%2048&#038;t=m&#038;z=10&#038;output=embed&#038;iwloc=near\"\n\t\t\t\t\ttitle=\"Com. P\u0103ulesti, Str. Constructorului 48\"\n\t\t\t\t\taria-label=\"Com. P\u0103ulesti, Str. Constructorului 48\"\n\t\t\t><\/iframe>\n\t\t<\/div>\n\t\t\t\t<\/div>\n\t\t\t\t<\/div>\n\t\t\t\t<div class=\"elementor-element elementor-element-b3c2b01 elementor-widget elementor-widget-html\" data-id=\"b3c2b01\" data-element_type=\"widget\" data-widget_type=\"html.default\">\n\t\t\t\t<div class=\"elementor-widget-container\">\n\t\t\t<div class=\"switch-map\">\n    <div id=\"showroom-buc\" class=\"active\">\n        Showroom\n    <\/div>\n    <div id=\"showroom-plo\">\n        Fabrica de produc\u021bie\n    <\/div>\n<\/div>\t\t<\/div>\n\t\t\t\t<\/div>\n\t\t\t\t\t<\/div>\n\t\t<\/div>\n\t\t\t\t\t\t\t<\/div>\n\t\t<\/section>\n\t\t\t\t<section class=\"elementor-section elementor-top-section elementor-element elementor-element-f482ef9 elementor-section-boxed elementor-section-height-default elementor-section-height-default\" data-id=\"f482ef9\" data-element_type=\"section\">\n\t\t\t\t\t\t<div class=\"elementor-container elementor-column-gap-default\">\n\t\t\t\t\t<div class=\"elementor-column elementor-col-50 elementor-top-column elementor-element elementor-element-5d7700f\" data-id=\"5d7700f\" data-element_type=\"column\">\n\t\t\t<div class=\"elementor-widget-wrap elementor-element-populated\">\n\t\t\t\t\t\t\t\t<div class=\"elementor-element elementor-element-2296b25 elementor-widget elementor-widget-text-editor\" data-id=\"2296b25\" data-element_type=\"widget\" data-widget_type=\"text-editor.default\">\n\t\t\t\t<div class=\"elementor-widget-container\">\n\t\t\t\t\t\t\t<p style=\"font-family: coolvetica; font-weight: bold; font-size: 45px; margin: 0px;\">contacteaz\u0103-ne<\/p>\t\t\t\t\t\t<\/div>\n\t\t\t\t<\/div>\n\t\t\t\t<div class=\"elementor-element elementor-element-dd6def5 elementor-widget elementor-widget-text-editor\" data-id=\"dd6def5\" data-element_type=\"widget\" data-widget_type=\"text-editor.default\">\n\t\t\t\t<div class=\"elementor-widget-container\">\n\t\t\t\t\t\t\t<p>Te invit\u0103m s\u0103 vorbim despre transformarea spa\u021biului t\u0103u.<\/p>\t\t\t\t\t\t<\/div>\n\t\t\t\t<\/div>\n\t\t\t\t<div class=\"elementor-element elementor-element-9cc280e elementor-widget elementor-widget-text-editor\" data-id=\"9cc280e\" data-element_type=\"widget\" data-widget_type=\"text-editor.default\">\n\t\t\t\t<div class=\"elementor-widget-container\">\n\t\t\t\t\t\t\t<p style=\"font-family: coolvetica; font-weight: bold; font-size: 30px; margin: 0px;\">THETA Furniture &amp; More<\/p>\t\t\t\t\t\t<\/div>\n\t\t\t\t<\/div>\n\t\t\t\t<div class=\"elementor-element elementor-element-8bb8ef6 elementor-widget elementor-widget-text-editor\" data-id=\"8bb8ef6\" data-element_type=\"widget\" data-widget_type=\"text-editor.default\">\n\t\t\t\t<div class=\"elementor-widget-container\">\n\t\t\t\t\t\t\t<p style=\"font-family: work sans; font-size: 15px; margin: 0px;\"><strong>Showroom<\/strong>: Willbrook Platinum Business &amp; Convention Center, Sos. Bucuresti-Ploiesti nr. 172-176, Cl\u0103dire A, Etaj 3, Bucure\u0219ti, Sector 1<\/p><p style=\"font-family: work sans; font-size: 15px; margin: 0px;\"><strong>Fabrica de produc\u021bie<\/strong>: Com. P\u0103ulesti, Sat G\u0103geni, Str. Constructorului Nr.48, P\u0103ule\u0219ti 107402<\/p><p style=\"font-family: work sans; font-size: 15px; margin: 0px;\"><b>Telefon<\/b>: +40.741.229.833<br \/><b>Email<\/b>: office@theta.com.ro<\/p><p style=\"font-family: work sans; font-size: 15px; margin: 0px;\">SC Intermedio General Grup SA, sediul social \u00een com. P\u0103ule\u0219ti, sat G\u0103geni, str. Constructorului nr. 48, jud. Prahova, cod postal 107402, \u00eenregistrat\u0103 la Registrul Comer\u021bului cu num\u0103rul J29\/922\/2020, CUI RO24391992; Capital Social subscris v\u0103rsat: 144 040 RON.<\/p>\t\t\t\t\t\t<\/div>\n\t\t\t\t<\/div>\n\t\t\t\t\t<\/div>\n\t\t<\/div>\n\t\t\t\t<div class=\"elementor-column elementor-col-50 elementor-top-column elementor-element elementor-element-370d52b\" data-id=\"370d52b\" data-element_type=\"column\">\n\t\t\t<div class=\"elementor-widget-wrap elementor-element-populated\">\n\t\t\t\t\t\t\t\t<div class=\"elementor-element elementor-element-3ec3027 elementor-widget elementor-widget-shortcode\" data-id=\"3ec3027\" data-element_type=\"widget\" data-widget_type=\"shortcode.default\">\n\t\t\t\t<div class=\"elementor-widget-container\">\n\t\t\t\t\t<div class=\"elementor-shortcode\"><div role=\"form\" class=\"wpcf7\" id=\"wpcf7-f5354-o1\" lang=\"en-US\" dir=\"ltr\">\n<div class=\"screen-reader-response\"><p role=\"status\" aria-live=\"polite\" aria-atomic=\"true\"><\/p> <ul><\/ul><\/div>\n<form action=\"\/ro\/wp-json\/wp\/v2\/pages\/1487#wpcf7-f5354-o1\" method=\"post\" class=\"wpcf7-form init\" novalidate=\"novalidate\" data-status=\"init\">\n<div style=\"display: none;\">\n<input type=\"hidden\" name=\"_wpcf7\" value=\"5354\" \/>\n<input type=\"hidden\" name=\"_wpcf7_version\" value=\"5.4.2\" \/>\n<input type=\"hidden\" name=\"_wpcf7_locale\" value=\"en_US\" \/>\n<input type=\"hidden\" name=\"_wpcf7_unit_tag\" value=\"wpcf7-f5354-o1\" \/>\n<input type=\"hidden\" name=\"_wpcf7_container_post\" value=\"0\" \/>\n<input type=\"hidden\" name=\"_wpcf7_posted_data_hash\" value=\"\" \/>\n<input type=\"hidden\" name=\"_wpcf7_recaptcha_response\" value=\"\" \/>\n<\/div>\n<div class=\"contact-form\">\n<div class=\"grid-2\">\n<div><span class=\"wpcf7-form-control-wrap your-name\"><input type=\"text\" name=\"your-name\" value=\"\" size=\"40\" class=\"wpcf7-form-control wpcf7-text wpcf7-validates-as-required\" aria-required=\"true\" aria-invalid=\"false\" placeholder=\"Nume\" \/><\/span><\/div>\n<div><span class=\"wpcf7-form-control-wrap your-email\"><input type=\"email\" name=\"your-email\" value=\"\" size=\"40\" class=\"wpcf7-form-control wpcf7-text wpcf7-email wpcf7-validates-as-required wpcf7-validates-as-email\" aria-required=\"true\" aria-invalid=\"false\" placeholder=\"Email\" \/><\/span><\/div>\n<\/div>\n<div class=\"grid-2\">\n<div><span class=\"wpcf7-form-control-wrap your-tel\"><input type=\"tel\" name=\"your-tel\" value=\"\" size=\"40\" class=\"wpcf7-form-control wpcf7-text wpcf7-tel wpcf7-validates-as-required wpcf7-validates-as-tel\" aria-required=\"true\" aria-invalid=\"false\" placeholder=\"Telefon\" \/><\/span><\/div>\n<div><span class=\"wpcf7-form-control-wrap your-subject\"><select name=\"your-subject\" class=\"wpcf7-form-control wpcf7-select wpcf7-validates-as-required\" aria-required=\"true\" aria-invalid=\"false\"><option value=\"Subiect\">Subiect<\/option><option value=\"Ofert\u0103 complet\u0103 de amenajare\">Ofert\u0103 complet\u0103 de amenajare<\/option><option value=\"Ofert\u0103 de produse\">Ofert\u0103 de produse<\/option><option value=\"Marketing \u0219i comunicare\">Marketing \u0219i comunicare<\/option><option value=\"Altele\">Altele<\/option><\/select><\/span><\/div>\n<\/div>\n<p><span class=\"wpcf7-form-control-wrap your-message\"><textarea name=\"your-message\" cols=\"40\" rows=\"10\" class=\"wpcf7-form-control wpcf7-textarea\" aria-invalid=\"false\" placeholder=\"Mesaj\"><\/textarea><\/span><br \/>\n<span class=\"wpcf7-form-control-wrap acceptance-917\"><span class=\"wpcf7-form-control wpcf7-acceptance\"><span class=\"wpcf7-list-item\"><label><input type=\"checkbox\" name=\"acceptance-917\" value=\"1\" aria-invalid=\"false\" \/><span class=\"wpcf7-list-item-label\">Prin trimiterea acestui formular sunt de acord ca THETA s\u0103 poat\u0103 prelucra datele\nmele \u00een conformitate cu ac\u021biunea mea de transmitere \u0219i a\u0219a cum este men\u021bionat \u00een Politica de\nconfiden\u021bialitate.<\/span><\/label><\/span><\/span><\/span><\/p>\n<span class=\"wpcf7-form-control-wrap recaptcha\"><span data-sitekey=\"6LcociMcAAAAAHNyM0wl2CQBMpJv2LozBX25ocTk\" class=\"wpcf7-form-control g-recaptcha wpcf7-recaptcha\"><\/span>\r\n<noscript>\r\n\t<div class=\"grecaptcha-noscript\">\r\n\t\t<iframe loading=\"lazy\" src=\"https:\/\/www.google.com\/recaptcha\/api\/fallback?k=6LcociMcAAAAAHNyM0wl2CQBMpJv2LozBX25ocTk\" frameborder=\"0\" scrolling=\"no\" width=\"310\" height=\"430\">\r\n\t\t<\/iframe>\r\n\t\t<textarea name=\"g-recaptcha-response\" rows=\"3\" cols=\"40\" placeholder=\"reCaptcha Response Here\">\r\n\t\t<\/textarea>\r\n\t<\/div>\r\n<\/noscript>\r\n<\/span>\n<p><input type=\"submit\" value=\"TRIMITE\" class=\"wpcf7-form-control wpcf7-submit\" \/>\n<\/p><\/div>\n<div class=\"wpcf7-response-output\" aria-hidden=\"true\"><\/div><\/form><\/div><\/div>\n\t\t\t\t<\/div>\n\t\t\t\t<\/div>\n\t\t\t\t\t<\/div>\n\t\t<\/div>\n\t\t\t\t\t\t\t<\/div>\n\t\t<\/section>\n\t\t\t\t\t\t\t<\/div>\n\t\t","protected":false},"excerpt":{"rendered":"<p>Showroom Fabrica de produc\u021bie contacteaz\u0103-ne Te invit\u0103m s\u0103 vorbim despre transformarea spa\u021biului t\u0103u. THETA Furniture &amp; More Showroom: Willbrook Platinum Business &amp; Convention Center, Sos. Bucuresti-Ploiesti nr. 172-176, Cl\u0103dire A, Etaj 3, Bucure\u0219ti, Sector 1 Fabrica de produc\u021bie: Com. P\u0103ulesti, Sat G\u0103geni, Str. Constructorului Nr.48, P\u0103ule\u0219ti 107402 Telefon: +40.741.229.833Email: office@theta.com.ro SC Intermedio General Grup SA, [&hellip;]<\/p>\n","protected":false},"author":1,"featured_media":0,"parent":0,"menu_order":0,"comment_status":"closed","ping_status":"closed","template":"","meta":{"footnotes":""},"class_list":["post-1487","page","type-page","status-publish","hentry"],"yoast_head":"<!-- This site is optimized with the Yoast SEO plugin v17.0 - https:\/\/yoast.com\/wordpress\/plugins\/seo\/ -->\n<title>Contact - Theta Furniture &amp; More<\/title>\n<meta name=\"description\" content=\"Te invit\u0103m s\u0103 vorbim despre transformarea spa\u021biului t\u0103u.\" \/>\n<meta name=\"robots\" content=\"index, follow, max-snippet:-1, max-image-preview:large, max-video-preview:-1\" \/>\n<link rel=\"canonical\" href=\"https:\/\/theta.com.ro\/ro\/contact\/\" \/>\n<meta property=\"og:locale\" content=\"ro_RO\" \/>\n<meta property=\"og:type\" content=\"article\" \/>\n<meta property=\"og:title\" content=\"Contact - Theta Furniture &amp; More\" \/>\n<meta property=\"og:description\" content=\"Te invit\u0103m s\u0103 vorbim despre transformarea spa\u021biului t\u0103u.\" \/>\n<meta property=\"og:url\" content=\"https:\/\/theta.com.ro\/ro\/contact\/\" \/>\n<meta property=\"og:site_name\" content=\"Theta Furniture &amp; More\" \/>\n<meta property=\"article:modified_time\" content=\"2022-06-17T13:09:50+00:00\" \/>\n<meta name=\"twitter:card\" content=\"summary_large_image\" \/>\n<meta name=\"twitter:label1\" content=\"Timp estimat pentru citire\" \/>\n\t<meta name=\"twitter:data1\" content=\"1 minut\" \/>\n<script type=\"application\/ld+json\" class=\"yoast-schema-graph\">{\"@context\":\"https:\/\/schema.org\",\"@graph\":[{\"@type\":\"Organization\",\"@id\":\"https:\/\/theta.com.ro\/ro\/#organization\",\"name\":\"Theta Furniture & More\",\"url\":\"https:\/\/theta.com.ro\/ro\/\",\"sameAs\":[],\"logo\":{\"@type\":\"ImageObject\",\"@id\":\"https:\/\/theta.com.ro\/ro\/#logo\",\"inLanguage\":\"ro-RO\",\"url\":\"https:\/\/theta.com.ro\/wp-content\/uploads\/2021\/06\/Theta_logo.png\",\"contentUrl\":\"https:\/\/theta.com.ro\/wp-content\/uploads\/2021\/06\/Theta_logo.png\",\"width\":236,\"height\":84,\"caption\":\"Theta Furniture & More\"},\"image\":{\"@id\":\"https:\/\/theta.com.ro\/ro\/#logo\"}},{\"@type\":\"WebSite\",\"@id\":\"https:\/\/theta.com.ro\/ro\/#website\",\"url\":\"https:\/\/theta.com.ro\/ro\/\",\"name\":\"Theta Furniture &amp; More\",\"description\":\"Furniture &amp; More\",\"publisher\":{\"@id\":\"https:\/\/theta.com.ro\/ro\/#organization\"},\"potentialAction\":[{\"@type\":\"SearchAction\",\"target\":{\"@type\":\"EntryPoint\",\"urlTemplate\":\"https:\/\/theta.com.ro\/ro\/?s={search_term_string}\"},\"query-input\":\"required name=search_term_string\"}],\"inLanguage\":\"ro-RO\"},{\"@type\":\"WebPage\",\"@id\":\"https:\/\/theta.com.ro\/ro\/contact\/#webpage\",\"url\":\"https:\/\/theta.com.ro\/ro\/contact\/\",\"name\":\"Contact - Theta Furniture &amp; More\",\"isPartOf\":{\"@id\":\"https:\/\/theta.com.ro\/ro\/#website\"},\"datePublished\":\"2021-05-19T09:06:31+00:00\",\"dateModified\":\"2022-06-17T13:09:50+00:00\",\"description\":\"Te invit\\u0103m s\\u0103 vorbim despre transformarea spa\\u021biului t\\u0103u.\",\"breadcrumb\":{\"@id\":\"https:\/\/theta.com.ro\/ro\/contact\/#breadcrumb\"},\"inLanguage\":\"ro-RO\",\"potentialAction\":[{\"@type\":\"ReadAction\",\"target\":[\"https:\/\/theta.com.ro\/ro\/contact\/\"]}]},{\"@type\":\"BreadcrumbList\",\"@id\":\"https:\/\/theta.com.ro\/ro\/contact\/#breadcrumb\",\"itemListElement\":[{\"@type\":\"ListItem\",\"position\":1,\"name\":\"Home\",\"item\":\"https:\/\/theta.com.ro\/ro\/\"},{\"@type\":\"ListItem\",\"position\":2,\"name\":\"Contact\"}]}]}<\/script>\n<!-- \/ Yoast SEO plugin. -->","yoast_head_json":{"title":"Contact - Theta Furniture &amp; More","description":"Te invit\u0103m s\u0103 vorbim despre transformarea spa\u021biului t\u0103u.","robots":{"index":"index","follow":"follow","max-snippet":"max-snippet:-1","max-image-preview":"max-image-preview:large","max-video-preview":"max-video-preview:-1"},"canonical":"https:\/\/theta.com.ro\/ro\/contact\/","og_locale":"ro_RO","og_type":"article","og_title":"Contact - Theta Furniture &amp; More","og_description":"Te invit\u0103m s\u0103 vorbim despre transformarea spa\u021biului t\u0103u.","og_url":"https:\/\/theta.com.ro\/ro\/contact\/","og_site_name":"Theta Furniture &amp; More","article_modified_time":"2022-06-17T13:09:50+00:00","twitter_card":"summary_large_image","twitter_misc":{"Timp estimat pentru citire":"1 minut"},"schema":{"@context":"https:\/\/schema.org","@graph":[{"@type":"Organization","@id":"https:\/\/theta.com.ro\/ro\/#organization","name":"Theta Furniture & More","url":"https:\/\/theta.com.ro\/ro\/","sameAs":[],"logo":{"@type":"ImageObject","@id":"https:\/\/theta.com.ro\/ro\/#logo","inLanguage":"ro-RO","url":"https:\/\/theta.com.ro\/wp-content\/uploads\/2021\/06\/Theta_logo.png","contentUrl":"https:\/\/theta.com.ro\/wp-content\/uploads\/2021\/06\/Theta_logo.png","width":236,"height":84,"caption":"Theta Furniture & More"},"image":{"@id":"https:\/\/theta.com.ro\/ro\/#logo"}},{"@type":"WebSite","@id":"https:\/\/theta.com.ro\/ro\/#website","url":"https:\/\/theta.com.ro\/ro\/","name":"Theta Furniture &amp; More","description":"Furniture &amp; More","publisher":{"@id":"https:\/\/theta.com.ro\/ro\/#organization"},"potentialAction":[{"@type":"SearchAction","target":{"@type":"EntryPoint","urlTemplate":"https:\/\/theta.com.ro\/ro\/?s={search_term_string}"},"query-input":"required name=search_term_string"}],"inLanguage":"ro-RO"},{"@type":"WebPage","@id":"https:\/\/theta.com.ro\/ro\/contact\/#webpage","url":"https:\/\/theta.com.ro\/ro\/contact\/","name":"Contact - Theta Furniture &amp; More","isPartOf":{"@id":"https:\/\/theta.com.ro\/ro\/#website"},"datePublished":"2021-05-19T09:06:31+00:00","dateModified":"2022-06-17T13:09:50+00:00","description":"Te invit\u0103m s\u0103 vorbim despre transformarea spa\u021biului t\u0103u.","breadcrumb":{"@id":"https:\/\/theta.com.ro\/ro\/contact\/#breadcrumb"},"inLanguage":"ro-RO","potentialAction":[{"@type":"ReadAction","target":["https:\/\/theta.com.ro\/ro\/contact\/"]}]},{"@type":"BreadcrumbList","@id":"https:\/\/theta.com.ro\/ro\/contact\/#breadcrumb","itemListElement":[{"@type":"ListItem","position":1,"name":"Home","item":"https:\/\/theta.com.ro\/ro\/"},{"@type":"ListItem","position":2,"name":"Contact"}]}]}},"_links":{"self":[{"href":"https:\/\/theta.com.ro\/ro\/wp-json\/wp\/v2\/pages\/1487","targetHints":{"allow":["GET"]}}],"collection":[{"href":"https:\/\/theta.com.ro\/ro\/wp-json\/wp\/v2\/pages"}],"about":[{"href":"https:\/\/theta.com.ro\/ro\/wp-json\/wp\/v2\/types\/page"}],"author":[{"embeddable":true,"href":"https:\/\/theta.com.ro\/ro\/wp-json\/wp\/v2\/users\/1"}],"replies":[{"embeddable":true,"href":"https:\/\/theta.com.ro\/ro\/wp-json\/wp\/v2\/comments?post=1487"}],"version-history":[{"count":83,"href":"https:\/\/theta.com.ro\/ro\/wp-json\/wp\/v2\/pages\/1487\/revisions"}],"predecessor-version":[{"id":7542,"href":"https:\/\/theta.com.ro\/ro\/wp-json\/wp\/v2\/pages\/1487\/revisions\/7542"}],"wp:attachment":[{"href":"https:\/\/theta.com.ro\/ro\/wp-json\/wp\/v2\/media?parent=1487"}],"curies":[{"name":"wp","href":"https:\/\/api.w.org\/{rel}","templated":true}]}}