{"id":2159,"date":"2021-06-27T09:25:26","date_gmt":"2021-06-27T09:25:26","guid":{"rendered":"https:\/\/theta.com.ro\/careers\/"},"modified":"2021-08-10T15:04:20","modified_gmt":"2021-08-10T15:04:20","slug":"cariere","status":"publish","type":"page","link":"https:\/\/theta.com.ro\/ro\/cariere\/","title":{"rendered":"Cariere"},"content":{"rendered":"\t\t<div data-elementor-type=\"wp-page\" data-elementor-id=\"2159\" class=\"elementor elementor-2159 elementor-1698\">\n\t\t\t\t\t\t\t\t\t<section class=\"elementor-section elementor-top-section elementor-element elementor-element-2f0c646 elementor-section-boxed elementor-section-height-default elementor-section-height-default\" data-id=\"2f0c646\" data-element_type=\"section\">\n\t\t\t\t\t\t<div class=\"elementor-container elementor-column-gap-default\">\n\t\t\t\t\t<div class=\"elementor-column elementor-col-100 elementor-top-column elementor-element elementor-element-880691e\" data-id=\"880691e\" data-element_type=\"column\" data-settings=\"{&quot;background_background&quot;:&quot;classic&quot;}\">\n\t\t\t<div class=\"elementor-widget-wrap elementor-element-populated\">\n\t\t\t\t\t\t\t\t<div class=\"elementor-element elementor-element-a1a419e elementor-widget elementor-widget-image\" data-id=\"a1a419e\" data-element_type=\"widget\" data-widget_type=\"image.default\">\n\t\t\t\t<div class=\"elementor-widget-container\">\n\t\t\t\t\t\t\t\t\t\t\t\t\t\t\t<img loading=\"lazy\" decoding=\"async\" width=\"800\" height=\"534\" src=\"https:\/\/theta.com.ro\/wp-content\/uploads\/2021\/07\/22-min-1024x683.jpg\" class=\"attachment-large size-large\" alt=\"\" srcset=\"https:\/\/theta.com.ro\/wp-content\/uploads\/2021\/07\/22-min-1024x683.jpg 1024w, https:\/\/theta.com.ro\/wp-content\/uploads\/2021\/07\/22-min-300x200.jpg 300w, https:\/\/theta.com.ro\/wp-content\/uploads\/2021\/07\/22-min-768x512.jpg 768w, https:\/\/theta.com.ro\/wp-content\/uploads\/2021\/07\/22-min-1536x1024.jpg 1536w, https:\/\/theta.com.ro\/wp-content\/uploads\/2021\/07\/22-min-2048x1365.jpg 2048w\" sizes=\"auto, (max-width: 800px) 100vw, 800px\" \/>\t\t\t\t\t\t\t\t\t\t\t\t\t\t\t<\/div>\n\t\t\t\t<\/div>\n\t\t\t\t<div class=\"elementor-element elementor-element-7812399 elementor-widget-mobile__width-inherit elementor-absolute elementor-widget elementor-widget-text-editor\" data-id=\"7812399\" data-element_type=\"widget\" data-settings=\"{&quot;_position&quot;:&quot;absolute&quot;}\" data-widget_type=\"text-editor.default\">\n\t\t\t\t<div class=\"elementor-widget-container\">\n\t\t\t\t\t\t\t<span style=\"font-family: coolvetica;\">cariere<\/span>\t\t\t\t\t\t<\/div>\n\t\t\t\t<\/div>\n\t\t\t\t\t<\/div>\n\t\t<\/div>\n\t\t\t\t\t\t\t<\/div>\n\t\t<\/section>\n\t\t\t\t<section class=\"elementor-section elementor-top-section elementor-element elementor-element-90d99e6 elementor-section-boxed elementor-section-height-default elementor-section-height-default\" data-id=\"90d99e6\" data-element_type=\"section\">\n\t\t\t\t\t\t<div class=\"elementor-container elementor-column-gap-default\">\n\t\t\t\t\t<div class=\"elementor-column elementor-col-50 elementor-top-column elementor-element elementor-element-863d233\" data-id=\"863d233\" data-element_type=\"column\">\n\t\t\t<div class=\"elementor-widget-wrap elementor-element-populated\">\n\t\t\t\t\t\t\t\t<div class=\"elementor-element elementor-element-4b29e4b elementor-widget elementor-widget-text-editor\" data-id=\"4b29e4b\" data-element_type=\"widget\" data-widget_type=\"text-editor.default\">\n\t\t\t\t<div class=\"elementor-widget-container\">\n\t\t\t\t\t\t\t<p><strong><span style=\"color: #de2624;\">De ce s\u0103 ni te al\u0103turi?<\/span><\/strong> Pentru a face parte dintr-o echip\u0103 plin\u0103 de culoare, dinamic\u0103 \u0219i extrem de pasionat\u0103, putem spune chiar o echip\u0103 picant\u0103, \u00een care punem um\u0103rul \u00een cre\u0219terea companiei \u0219i pe noi \u00een\u0219ine.<\/p>\t\t\t\t\t\t<\/div>\n\t\t\t\t<\/div>\n\t\t\t\t<div class=\"elementor-element elementor-element-d1b5601 elementor-widget elementor-widget-heading\" data-id=\"d1b5601\" data-element_type=\"widget\" data-widget_type=\"heading.default\">\n\t\t\t\t<div class=\"elementor-widget-container\">\n\t\t\t<h2 class=\"elementor-heading-title elementor-size-default\">Exploreaz\u0103 oportunit\u0103\u021bile noastre de munc\u0103<\/h2>\t\t<\/div>\n\t\t\t\t<\/div>\n\t\t\t\t<div class=\"elementor-element elementor-element-475e9aa elementor-widget elementor-widget-shortcode\" data-id=\"475e9aa\" data-element_type=\"widget\" data-widget_type=\"shortcode.default\">\n\t\t\t\t<div class=\"elementor-widget-container\">\n\t\t\t\t\t<div class=\"elementor-shortcode\"><div><div class=\"career-item\"><p class=\"career-title\">Inginer Supervizare Santier<\/p><p class=\"career-availability\">disponibil<\/p><p class=\"career-info\">Nivel: \u00cencep\u0103tor (0-2 ani), Intermediar (2-5 ani), Senior (5-10 ani)  <br>\nLoca\u021bie: Com. P\u0103ulesti, Sat G\u0103geni, Str. Constructorului Nr.48, P\u0103ule\u0219ti 107402 (Fabrica de produc\u021bie THETA Furniture & More)<\/p><a class=\"see-details\" id=\"1728\">vezi mai mult<\/a><div class=\"details\" style=\"display:none\" id=\"details-1728\"><!-- wp:paragraph -->\n<p>Beneficii:<\/p>\n<!-- \/wp:paragraph -->\n\n<!-- wp:paragraph -->\n<p>Mediu de lucru atractiv<\/p>\n<!-- \/wp:paragraph -->\n\n<!-- wp:paragraph -->\n<p>Posibilitate de promovare .<\/p>\n<!-- \/wp:paragraph -->\n\n<!-- wp:paragraph -->\n<p>Card de servicii medicale MedLife<\/p>\n<!-- \/wp:paragraph -->\n\n<!-- wp:paragraph -->\n<p>Tichete de masa<\/p>\n<!-- \/wp:paragraph -->\n\n<!-- wp:paragraph -->\n<p>Salariul se negociaza in urma interviului, in functie de experienta<\/p>\n<!-- \/wp:paragraph --><\/div><\/div><div class=\"career-item\"><p class=\"career-title\">Specialist Proiectare\/Ofertare mobilier<\/p><p class=\"career-availability\">disponibil<\/p><p class=\"career-info\">Nivel: Intermediar (2-5 ani), Senior (5-10 ani) <br>\nLimbi: Englez\u0103 - Incepator  <br>\nLoca\u021bie: Com. P\u0103ulesti, Sat G\u0103geni, Str. Constructorului Nr.48, P\u0103ule\u0219ti 107402 (Fabrica de produc\u021bie THETA Furniture & More)<\/p><a class=\"see-details\" id=\"6013\">vezi mai mult<\/a><div class=\"details\" style=\"display:none\" id=\"details-6013\"><!-- wp:paragraph -->\n<p>Cerinte:<\/p>\n<!-- \/wp:paragraph -->\n\n<!-- wp:paragraph -->\n<p>Minim 3 ani de experienta<\/p>\n<!-- \/wp:paragraph -->\n\n<!-- wp:paragraph -->\n<p>Cunostinte avansate CAD<\/p>\n<!-- \/wp:paragraph -->\n\n<!-- wp:paragraph -->\n<p>Cunostinte solide de proiectare mobiler  (materiale, accesorii, solutii tehnice)<\/p>\n<!-- \/wp:paragraph -->\n\n<!-- wp:paragraph -->\n<p>Capacitate de analiza tehnica financiara<\/p>\n<!-- \/wp:paragraph -->\n\n<!-- wp:paragraph -->\n<p>Cunostinte de limba engleza\/franceza\/germana- avantaj<\/p>\n<!-- \/wp:paragraph -->\n\n<!-- wp:paragraph -->\n<p>Cunostinte IMOS \u2013 avantaj<\/p>\n<!-- \/wp:paragraph -->\n\n<!-- wp:paragraph -->\n<p>Beneficii:<\/p>\n<!-- \/wp:paragraph -->\n\n<!-- wp:paragraph -->\n<p>Mediu de lucru atractiv<\/p>\n<!-- \/wp:paragraph -->\n\n<!-- wp:paragraph -->\n<p>Posibilitate de promovare .<\/p>\n<!-- \/wp:paragraph -->\n\n<!-- wp:paragraph -->\n<p>Card de servicii medicale MedLife<\/p>\n<!-- \/wp:paragraph -->\n\n<!-- wp:paragraph -->\n<p>Tichete de masa<\/p>\n<!-- \/wp:paragraph -->\n\n<!-- wp:paragraph -->\n<p>Salariul se negociaza in urma interviului, in functie de experienta<\/p>\n<!-- \/wp:paragraph --><\/div><\/div><\/div><\/div>\n\t\t\t\t<\/div>\n\t\t\t\t<\/div>\n\t\t\t\t\t<\/div>\n\t\t<\/div>\n\t\t\t\t<div class=\"elementor-column elementor-col-50 elementor-top-column elementor-element elementor-element-4bd80ab\" data-id=\"4bd80ab\" data-element_type=\"column\">\n\t\t\t<div class=\"elementor-widget-wrap elementor-element-populated\">\n\t\t\t\t\t\t\t\t<div class=\"elementor-element elementor-element-9f8fc86 elementor-widget elementor-widget-shortcode\" data-id=\"9f8fc86\" data-element_type=\"widget\" data-widget_type=\"shortcode.default\">\n\t\t\t\t<div class=\"elementor-widget-container\">\n\t\t\t\t\t<div class=\"elementor-shortcode\"><div role=\"form\" class=\"wpcf7\" id=\"wpcf7-f5387-o1\" lang=\"en-US\" dir=\"ltr\">\n<div class=\"screen-reader-response\"><p role=\"status\" aria-live=\"polite\" aria-atomic=\"true\"><\/p> <ul><\/ul><\/div>\n<form action=\"\/ro\/wp-json\/wp\/v2\/pages\/2159#wpcf7-f5387-o1\" method=\"post\" class=\"wpcf7-form init\" enctype=\"multipart\/form-data\" novalidate=\"novalidate\" data-status=\"init\">\n<div style=\"display: none;\">\n<input type=\"hidden\" name=\"_wpcf7\" value=\"5387\" \/>\n<input type=\"hidden\" name=\"_wpcf7_version\" value=\"5.4.2\" \/>\n<input type=\"hidden\" name=\"_wpcf7_locale\" value=\"en_US\" \/>\n<input type=\"hidden\" name=\"_wpcf7_unit_tag\" value=\"wpcf7-f5387-o1\" \/>\n<input type=\"hidden\" name=\"_wpcf7_container_post\" value=\"0\" \/>\n<input type=\"hidden\" name=\"_wpcf7_posted_data_hash\" value=\"\" \/>\n<input type=\"hidden\" name=\"_wpcf7_recaptcha_response\" value=\"\" \/>\n<\/div>\n<div class=\"contact-form\">\n<div class=\"grid-2\">\n<div><span class=\"wpcf7-form-control-wrap your-name\"><input type=\"text\" name=\"your-name\" value=\"\" size=\"40\" class=\"wpcf7-form-control wpcf7-text wpcf7-validates-as-required\" aria-required=\"true\" aria-invalid=\"false\" placeholder=\"Nume\" \/><\/span><\/div>\n<div><span class=\"wpcf7-form-control-wrap your-email\"><input type=\"email\" name=\"your-email\" value=\"\" size=\"40\" class=\"wpcf7-form-control wpcf7-text wpcf7-email wpcf7-validates-as-required wpcf7-validates-as-email\" aria-required=\"true\" aria-invalid=\"false\" placeholder=\"Email\" \/><\/span><\/div>\n<\/div>\n<div class=\"grid-2\">\n<div><span class=\"wpcf7-form-control-wrap your-tel\"><input type=\"tel\" name=\"your-tel\" value=\"\" size=\"40\" class=\"wpcf7-form-control wpcf7-text wpcf7-tel wpcf7-validates-as-required wpcf7-validates-as-tel\" aria-required=\"true\" aria-invalid=\"false\" placeholder=\"Telefon\" \/><\/span><\/div>\n<div><span class=\"wpcf7-form-control-wrap job\"><select name=\"job\" class=\"wpcf7-form-control wpcf7-select wpcf7-validates-as-required\" aria-required=\"true\" aria-invalid=\"false\"><option value=\"Inginer Supervizare Santier\">Inginer Supervizare Santier<\/option><option value=\"Bussines Developer\">Bussines Developer<\/option><option value=\"Specialist Proiectare\/Ofertare mobilier\">Specialist Proiectare\/Ofertare mobilier<\/option><option value=\"Altele\">Altele<\/option><\/select><\/span><\/div>\n<\/div>\n<p><span class=\"wpcf7-form-control-wrap your-message\"><textarea name=\"your-message\" cols=\"40\" rows=\"10\" class=\"wpcf7-form-control wpcf7-textarea\" aria-invalid=\"false\" placeholder=\"Mesaj\"><\/textarea><\/span><\/p>\n<div class=\"grid-2\">\n<div>\n<label for=\"cv\" class=\"career-label\"><i class=\"fa fa-paperclip\"><\/i> CV<\/label><br \/>\n<span class=\"wpcf7-form-control-wrap cv\"><input type=\"file\" name=\"cv\" size=\"40\" class=\"wpcf7-form-control wpcf7-file wpcf7-validates-as-required hidden\" id=\"cv\" accept=\".jpg,.jpeg,.png,.gif,.pdf,.doc,.docx,.ppt,.pptx,.odt,.avi,.ogg,.m4a,.mov,.mp3,.mp4,.mpg,.wav,.wmv\" aria-required=\"true\" aria-invalid=\"false\" \/><\/span>\n<\/div>\n<div>\n<label for=\"cover\" class=\"career-label\"><i class=\"fa fa-paperclip\"><\/i> SCRISOARE DE INTEN\u021aIE<\/label><br \/>\n<span class=\"wpcf7-form-control-wrap cover\"><input type=\"file\" name=\"cover\" size=\"40\" class=\"wpcf7-form-control wpcf7-file hidden\" id=\"cover\" accept=\".jpg,.jpeg,.png,.gif,.pdf,.doc,.docx,.ppt,.pptx,.odt,.avi,.ogg,.m4a,.mov,.mp3,.mp4,.mpg,.wav,.wmv\" aria-invalid=\"false\" \/><\/span>\n<\/div>\n<\/div>\n<p><span class=\"wpcf7-form-control-wrap acceptance-917\"><span class=\"wpcf7-form-control wpcf7-acceptance\"><span class=\"wpcf7-list-item\"><label><input type=\"checkbox\" name=\"acceptance-917\" value=\"1\" aria-invalid=\"false\" \/><span class=\"wpcf7-list-item-label\">Prin trimiterea acestui formular sunt de acord ca THETA s\u0103 poat\u0103 prelucra datele\nmele \u00een conformitate cu ac\u021biunea mea de transmitere \u0219i a\u0219a cum este men\u021bionat \u00een Politica de\nconfiden\u021bialitate.<\/span><\/label><\/span><\/span><\/span><br \/>\n<input type=\"submit\" value=\"TRIMITE\" class=\"wpcf7-form-control wpcf7-submit\" \/>\n<\/div>\n<div class=\"wpcf7-response-output\" aria-hidden=\"true\"><\/div><\/form><\/div><\/div>\n\t\t\t\t<\/div>\n\t\t\t\t<\/div>\n\t\t\t\t\t<\/div>\n\t\t<\/div>\n\t\t\t\t\t\t\t<\/div>\n\t\t<\/section>\n\t\t\t\t\t\t\t<\/div>\n\t\t","protected":false},"excerpt":{"rendered":"<p>cariere De ce s\u0103 ni te al\u0103turi? Pentru a face parte dintr-o echip\u0103 plin\u0103 de culoare, dinamic\u0103 \u0219i extrem de pasionat\u0103, putem spune chiar o echip\u0103 picant\u0103, \u00een care punem um\u0103rul \u00een cre\u0219terea companiei \u0219i pe noi \u00een\u0219ine. Exploreaz\u0103 oportunit\u0103\u021bile noastre de munc\u0103<\/p>\n","protected":false},"author":1,"featured_media":0,"parent":0,"menu_order":0,"comment_status":"closed","ping_status":"closed","template":"","meta":{"footnotes":""},"class_list":["post-2159","page","type-page","status-publish","hentry"],"yoast_head":"<!-- This site is optimized with the Yoast SEO plugin v17.0 - https:\/\/yoast.com\/wordpress\/plugins\/seo\/ -->\n<title>Cariere - Theta Furniture &amp; More<\/title>\n<meta name=\"robots\" content=\"index, follow, max-snippet:-1, max-image-preview:large, max-video-preview:-1\" \/>\n<link rel=\"canonical\" href=\"https:\/\/theta.com.ro\/ro\/cariere\/\" \/>\n<meta property=\"og:locale\" content=\"ro_RO\" \/>\n<meta property=\"og:type\" content=\"article\" \/>\n<meta property=\"og:title\" content=\"Cariere - Theta Furniture &amp; More\" \/>\n<meta property=\"og:description\" content=\"cariere De ce s\u0103 ni te al\u0103turi? Pentru a face parte dintr-o echip\u0103 plin\u0103 de culoare, dinamic\u0103 \u0219i extrem de pasionat\u0103, putem spune chiar o echip\u0103 picant\u0103, \u00een care punem um\u0103rul \u00een cre\u0219terea companiei \u0219i pe noi \u00een\u0219ine. Exploreaz\u0103 oportunit\u0103\u021bile noastre de munc\u0103\" \/>\n<meta property=\"og:url\" content=\"https:\/\/theta.com.ro\/ro\/cariere\/\" \/>\n<meta property=\"og:site_name\" content=\"Theta Furniture &amp; More\" \/>\n<meta property=\"article:modified_time\" content=\"2021-08-10T15:04:20+00:00\" \/>\n<meta property=\"og:image\" content=\"https:\/\/theta.com.ro\/wp-content\/uploads\/2021\/07\/22-min-1024x683.jpg\" \/>\n<meta name=\"twitter:card\" content=\"summary_large_image\" \/>\n<script type=\"application\/ld+json\" class=\"yoast-schema-graph\">{\"@context\":\"https:\/\/schema.org\",\"@graph\":[{\"@type\":\"Organization\",\"@id\":\"https:\/\/theta.com.ro\/ro\/#organization\",\"name\":\"Theta Furniture & More\",\"url\":\"https:\/\/theta.com.ro\/ro\/\",\"sameAs\":[],\"logo\":{\"@type\":\"ImageObject\",\"@id\":\"https:\/\/theta.com.ro\/ro\/#logo\",\"inLanguage\":\"ro-RO\",\"url\":\"https:\/\/theta.com.ro\/wp-content\/uploads\/2021\/06\/Theta_logo.png\",\"contentUrl\":\"https:\/\/theta.com.ro\/wp-content\/uploads\/2021\/06\/Theta_logo.png\",\"width\":236,\"height\":84,\"caption\":\"Theta Furniture & More\"},\"image\":{\"@id\":\"https:\/\/theta.com.ro\/ro\/#logo\"}},{\"@type\":\"WebSite\",\"@id\":\"https:\/\/theta.com.ro\/ro\/#website\",\"url\":\"https:\/\/theta.com.ro\/ro\/\",\"name\":\"Theta Furniture &amp; More\",\"description\":\"Furniture &amp; More\",\"publisher\":{\"@id\":\"https:\/\/theta.com.ro\/ro\/#organization\"},\"potentialAction\":[{\"@type\":\"SearchAction\",\"target\":{\"@type\":\"EntryPoint\",\"urlTemplate\":\"https:\/\/theta.com.ro\/ro\/?s={search_term_string}\"},\"query-input\":\"required name=search_term_string\"}],\"inLanguage\":\"ro-RO\"},{\"@type\":\"ImageObject\",\"@id\":\"https:\/\/theta.com.ro\/ro\/cariere\/#primaryimage\",\"inLanguage\":\"ro-RO\",\"url\":\"https:\/\/theta.com.ro\/wp-content\/uploads\/2021\/07\/22-min-1024x683.jpg\",\"contentUrl\":\"https:\/\/theta.com.ro\/wp-content\/uploads\/2021\/07\/22-min-1024x683.jpg\"},{\"@type\":\"WebPage\",\"@id\":\"https:\/\/theta.com.ro\/ro\/cariere\/#webpage\",\"url\":\"https:\/\/theta.com.ro\/ro\/cariere\/\",\"name\":\"Cariere - Theta Furniture &amp; More\",\"isPartOf\":{\"@id\":\"https:\/\/theta.com.ro\/ro\/#website\"},\"primaryImageOfPage\":{\"@id\":\"https:\/\/theta.com.ro\/ro\/cariere\/#primaryimage\"},\"datePublished\":\"2021-06-27T09:25:26+00:00\",\"dateModified\":\"2021-08-10T15:04:20+00:00\",\"breadcrumb\":{\"@id\":\"https:\/\/theta.com.ro\/ro\/cariere\/#breadcrumb\"},\"inLanguage\":\"ro-RO\",\"potentialAction\":[{\"@type\":\"ReadAction\",\"target\":[\"https:\/\/theta.com.ro\/ro\/cariere\/\"]}]},{\"@type\":\"BreadcrumbList\",\"@id\":\"https:\/\/theta.com.ro\/ro\/cariere\/#breadcrumb\",\"itemListElement\":[{\"@type\":\"ListItem\",\"position\":1,\"name\":\"Home\",\"item\":\"https:\/\/theta.com.ro\/ro\/\"},{\"@type\":\"ListItem\",\"position\":2,\"name\":\"Cariere\"}]}]}<\/script>\n<!-- \/ Yoast SEO plugin. -->","yoast_head_json":{"title":"Cariere - Theta Furniture &amp; More","robots":{"index":"index","follow":"follow","max-snippet":"max-snippet:-1","max-image-preview":"max-image-preview:large","max-video-preview":"max-video-preview:-1"},"canonical":"https:\/\/theta.com.ro\/ro\/cariere\/","og_locale":"ro_RO","og_type":"article","og_title":"Cariere - Theta Furniture &amp; More","og_description":"cariere De ce s\u0103 ni te al\u0103turi? Pentru a face parte dintr-o echip\u0103 plin\u0103 de culoare, dinamic\u0103 \u0219i extrem de pasionat\u0103, putem spune chiar o echip\u0103 picant\u0103, \u00een care punem um\u0103rul \u00een cre\u0219terea companiei \u0219i pe noi \u00een\u0219ine. Exploreaz\u0103 oportunit\u0103\u021bile noastre de munc\u0103","og_url":"https:\/\/theta.com.ro\/ro\/cariere\/","og_site_name":"Theta Furniture &amp; More","article_modified_time":"2021-08-10T15:04:20+00:00","og_image":[{"url":"https:\/\/theta.com.ro\/wp-content\/uploads\/2021\/07\/22-min-1024x683.jpg"}],"twitter_card":"summary_large_image","schema":{"@context":"https:\/\/schema.org","@graph":[{"@type":"Organization","@id":"https:\/\/theta.com.ro\/ro\/#organization","name":"Theta Furniture & More","url":"https:\/\/theta.com.ro\/ro\/","sameAs":[],"logo":{"@type":"ImageObject","@id":"https:\/\/theta.com.ro\/ro\/#logo","inLanguage":"ro-RO","url":"https:\/\/theta.com.ro\/wp-content\/uploads\/2021\/06\/Theta_logo.png","contentUrl":"https:\/\/theta.com.ro\/wp-content\/uploads\/2021\/06\/Theta_logo.png","width":236,"height":84,"caption":"Theta Furniture & More"},"image":{"@id":"https:\/\/theta.com.ro\/ro\/#logo"}},{"@type":"WebSite","@id":"https:\/\/theta.com.ro\/ro\/#website","url":"https:\/\/theta.com.ro\/ro\/","name":"Theta Furniture &amp; More","description":"Furniture &amp; More","publisher":{"@id":"https:\/\/theta.com.ro\/ro\/#organization"},"potentialAction":[{"@type":"SearchAction","target":{"@type":"EntryPoint","urlTemplate":"https:\/\/theta.com.ro\/ro\/?s={search_term_string}"},"query-input":"required name=search_term_string"}],"inLanguage":"ro-RO"},{"@type":"ImageObject","@id":"https:\/\/theta.com.ro\/ro\/cariere\/#primaryimage","inLanguage":"ro-RO","url":"https:\/\/theta.com.ro\/wp-content\/uploads\/2021\/07\/22-min-1024x683.jpg","contentUrl":"https:\/\/theta.com.ro\/wp-content\/uploads\/2021\/07\/22-min-1024x683.jpg"},{"@type":"WebPage","@id":"https:\/\/theta.com.ro\/ro\/cariere\/#webpage","url":"https:\/\/theta.com.ro\/ro\/cariere\/","name":"Cariere - Theta Furniture &amp; More","isPartOf":{"@id":"https:\/\/theta.com.ro\/ro\/#website"},"primaryImageOfPage":{"@id":"https:\/\/theta.com.ro\/ro\/cariere\/#primaryimage"},"datePublished":"2021-06-27T09:25:26+00:00","dateModified":"2021-08-10T15:04:20+00:00","breadcrumb":{"@id":"https:\/\/theta.com.ro\/ro\/cariere\/#breadcrumb"},"inLanguage":"ro-RO","potentialAction":[{"@type":"ReadAction","target":["https:\/\/theta.com.ro\/ro\/cariere\/"]}]},{"@type":"BreadcrumbList","@id":"https:\/\/theta.com.ro\/ro\/cariere\/#breadcrumb","itemListElement":[{"@type":"ListItem","position":1,"name":"Home","item":"https:\/\/theta.com.ro\/ro\/"},{"@type":"ListItem","position":2,"name":"Cariere"}]}]}},"_links":{"self":[{"href":"https:\/\/theta.com.ro\/ro\/wp-json\/wp\/v2\/pages\/2159","targetHints":{"allow":["GET"]}}],"collection":[{"href":"https:\/\/theta.com.ro\/ro\/wp-json\/wp\/v2\/pages"}],"about":[{"href":"https:\/\/theta.com.ro\/ro\/wp-json\/wp\/v2\/types\/page"}],"author":[{"embeddable":true,"href":"https:\/\/theta.com.ro\/ro\/wp-json\/wp\/v2\/users\/1"}],"replies":[{"embeddable":true,"href":"https:\/\/theta.com.ro\/ro\/wp-json\/wp\/v2\/comments?post=2159"}],"version-history":[{"count":40,"href":"https:\/\/theta.com.ro\/ro\/wp-json\/wp\/v2\/pages\/2159\/revisions"}],"predecessor-version":[{"id":6018,"href":"https:\/\/theta.com.ro\/ro\/wp-json\/wp\/v2\/pages\/2159\/revisions\/6018"}],"wp:attachment":[{"href":"https:\/\/theta.com.ro\/ro\/wp-json\/wp\/v2\/media?parent=2159"}],"curies":[{"name":"wp","href":"https:\/\/api.w.org\/{rel}","templated":true}]}}