{"id":2160,"date":"2021-07-02T07:03:18","date_gmt":"2021-07-02T07:03:18","guid":{"rendered":"https:\/\/theta.com.ro\/our-services\/"},"modified":"2021-09-14T09:28:19","modified_gmt":"2021-09-14T09:28:19","slug":"serviciile-noastre","status":"publish","type":"page","link":"https:\/\/theta.com.ro\/ro\/serviciile-noastre\/","title":{"rendered":"Serviciile noastre"},"content":{"rendered":"\t\t<div data-elementor-type=\"wp-page\" data-elementor-id=\"2160\" class=\"elementor elementor-2160 elementor-2070\">\n\t\t\t\t\t\t\t\t\t<section class=\"elementor-section elementor-top-section elementor-element elementor-element-69e0e2a4 elementor-section-boxed elementor-section-height-default elementor-section-height-default\" data-id=\"69e0e2a4\" data-element_type=\"section\" data-settings=\"{&quot;background_background&quot;:&quot;classic&quot;}\">\n\t\t\t\t\t\t<div class=\"elementor-container elementor-column-gap-default\">\n\t\t\t\t\t<div class=\"elementor-column elementor-col-100 elementor-top-column elementor-element elementor-element-7988dccd\" data-id=\"7988dccd\" data-element_type=\"column\" data-settings=\"{&quot;background_background&quot;:&quot;classic&quot;}\">\n\t\t\t<div class=\"elementor-widget-wrap elementor-element-populated\">\n\t\t\t\t\t<div class=\"elementor-background-overlay\"><\/div>\n\t\t\t\t\t\t\t\t<div class=\"elementor-element elementor-element-72605b94 elementor-widget elementor-widget-text-editor\" data-id=\"72605b94\" data-element_type=\"widget\" data-widget_type=\"text-editor.default\">\n\t\t\t\t<div class=\"elementor-widget-container\">\n\t\t\t\t\t\t\t<span style=\"text-align: center; font-family: coolvetica;\">serviciile noastre<\/span>\t\t\t\t\t\t<\/div>\n\t\t\t\t<\/div>\n\t\t\t\t<div class=\"elementor-element elementor-element-52b2418c elementor-widget elementor-widget-text-editor\" data-id=\"52b2418c\" data-element_type=\"widget\" data-widget_type=\"text-editor.default\">\n\t\t\t\t<div class=\"elementor-widget-container\">\n\t\t\t\t\t\t\t<p>Echipa noastr\u0103 de profesioni\u0219ti aduce toat\u0103 energia \u0219i entuziasmul pe care vi le-a\u021bi putea dori \u00eentr-o companie de amenaj\u0103ri interioare. Capacitatea lor excep\u021bional\u0103 de a furniza solu\u021bii este \u00eentotdeauna activat\u0103, un mix \u00eentre a fi creativ \u0219i inovator, \u00een timp ce se \u00eencadreaz\u0103 \u0219i \u00een buget.<\/p>\t\t\t\t\t\t<\/div>\n\t\t\t\t<\/div>\n\t\t\t\t\t<\/div>\n\t\t<\/div>\n\t\t\t\t\t\t\t<\/div>\n\t\t<\/section>\n\t\t\t\t<section class=\"elementor-section elementor-top-section elementor-element elementor-element-988ed36 elementor-section-boxed elementor-section-height-default elementor-section-height-default\" data-id=\"988ed36\" data-element_type=\"section\">\n\t\t\t\t\t\t<div class=\"elementor-container elementor-column-gap-default\">\n\t\t\t\t\t<div class=\"elementor-column elementor-col-50 elementor-top-column elementor-element elementor-element-75b1cf9 fade-in\" data-id=\"75b1cf9\" data-element_type=\"column\" data-settings=\"{&quot;background_background&quot;:&quot;classic&quot;}\">\n\t\t\t<div class=\"elementor-widget-wrap elementor-element-populated\">\n\t\t\t\t\t\t\t\t<div class=\"elementor-element elementor-element-86dcafc elementor-widget elementor-widget-text-editor\" data-id=\"86dcafc\" data-element_type=\"widget\" data-widget_type=\"text-editor.default\">\n\t\t\t\t<div class=\"elementor-widget-container\">\n\t\t\t\t\t\t\t<p>Contractare general\u0103 de interior<\/p>\t\t\t\t\t\t<\/div>\n\t\t\t\t<\/div>\n\t\t\t\t<div class=\"elementor-element elementor-element-fcdf389 elementor-widget elementor-widget-text-editor\" data-id=\"fcdf389\" data-element_type=\"widget\" data-widget_type=\"text-editor.default\">\n\t\t\t\t<div class=\"elementor-widget-container\">\n\t\t\t\t\t\t\tAv\u00e2nd o abordare \u201eWhole-istic\u0103\u201d, avem competen\u021ba de a oferi servicii integrate de Management de Proiect: arhitectur\u0103 \u0219i proiectare MEP, lucr\u0103ri complete de amenajare, servicii de implementare \u0219i consultan\u021b\u0103, servicii de \u00eentre\u021binere pentru mobilier personalizat \u0219i standard. Realiz\u0103m procesul de crea\u021bie de la concept p\u00e2n\u0103 la execu\u021bia final\u0103: produc\u021bie \u0219i implementare. Astfel, p\u00e2n\u0103 \u00een prezent, suntem m\u00e2ndri s\u0103 num\u0103r\u0103m peste 300.000 de spa\u021bii interioare livrate la timp: 890 de spa\u021bii de birouri, 505 de spa\u021bii comerciale, 115 spa\u021bii HoReCa \u0219i alte spa\u021bii medicale, pentru peste 1500 de companii, at\u00e2t locale, c\u00e2t \u0219i interna\u021bionale.\t\t\t\t\t\t<\/div>\n\t\t\t\t<\/div>\n\t\t\t\t\t<\/div>\n\t\t<\/div>\n\t\t\t\t<div class=\"elementor-column elementor-col-50 elementor-top-column elementor-element elementor-element-121263f fade-in\" data-id=\"121263f\" data-element_type=\"column\" data-settings=\"{&quot;background_background&quot;:&quot;classic&quot;}\">\n\t\t\t<div class=\"elementor-widget-wrap elementor-element-populated\">\n\t\t\t\t\t\t\t\t<div class=\"elementor-element elementor-element-e3f5b4e elementor-widget elementor-widget-text-editor\" data-id=\"e3f5b4e\" data-element_type=\"widget\" data-widget_type=\"text-editor.default\">\n\t\t\t\t<div class=\"elementor-widget-container\">\n\t\t\t\t\t\t\t<p>Oferta de produse<\/p>\t\t\t\t\t\t<\/div>\n\t\t\t\t<\/div>\n\t\t\t\t<div class=\"elementor-element elementor-element-5c7d6e6 elementor-widget elementor-widget-text-editor\" data-id=\"5c7d6e6\" data-element_type=\"widget\" data-widget_type=\"text-editor.default\">\n\t\t\t\t<div class=\"elementor-widget-container\">\n\t\t\t\t\t\t\t<p>Capacitatea de a oferi produse \u0219i materiale moderne, accesorii inovatoare, tehnologii de ultim\u0103 genera\u021bie (mobilier personalizat, tavane inteligente, pardoseli practice etc.) ne-au oferit \u00eentotdeauna avantaje competitive solide. Rolul nostru de furnizor direct de mobilier de birou standard (solu\u021bii de iluminat, pere\u021bi desp\u0103r\u021bitori din sticl\u0103 simpl\u0103 \/ dubl\u0103 \/ curbat\u0103 \u0219i multe altele) este de asemenea, foarte important. De-a lungul timpului am investit \u00een rela\u021biile cu to\u021bi partenerii no\u0219tri furnizori, a\u0219adar \u00een prezent suntem Partener Exclusiv pentru Nowy Styl Group, Impact Acoustic \u0219i Partener Principal pentru Barrisol, Tarkett, Desso, profim, mdd \u0219i al\u021bii, \u00een Romania.<\/p>\t\t\t\t\t\t<\/div>\n\t\t\t\t<\/div>\n\t\t\t\t\t<\/div>\n\t\t<\/div>\n\t\t\t\t\t\t\t<\/div>\n\t\t<\/section>\n\t\t\t\t<section class=\"elementor-section elementor-top-section elementor-element elementor-element-fe2850f elementor-section-boxed elementor-section-height-default elementor-section-height-default\" data-id=\"fe2850f\" data-element_type=\"section\">\n\t\t\t\t\t\t<div class=\"elementor-container elementor-column-gap-default\">\n\t\t\t\t\t<div class=\"elementor-column elementor-col-50 elementor-top-column elementor-element elementor-element-93a038d\" data-id=\"93a038d\" data-element_type=\"column\">\n\t\t\t<div class=\"elementor-widget-wrap elementor-element-populated\">\n\t\t\t\t\t\t\t\t<div class=\"elementor-element elementor-element-cb0e65d coolvetica-font elementor-widget elementor-widget-heading\" data-id=\"cb0e65d\" data-element_type=\"widget\" data-widget_type=\"heading.default\">\n\t\t\t\t<div class=\"elementor-widget-container\">\n\t\t\t<h2 class=\"elementor-heading-title elementor-size-default\">suntem aici s\u0103 <span style=\"color: #DE2624;\">co-cre\u0103m<\/span> <\/h2>\t\t<\/div>\n\t\t\t\t<\/div>\n\t\t\t\t<div class=\"elementor-element elementor-element-32f3835 coolvetica-font elementor-widget elementor-widget-heading\" data-id=\"32f3835\" data-element_type=\"widget\" data-widget_type=\"heading.default\">\n\t\t\t\t<div class=\"elementor-widget-container\">\n\t\t\t<h2 class=\"elementor-heading-title elementor-size-default\">spa\u021biul t\u0103u<\/h2>\t\t<\/div>\n\t\t\t\t<\/div>\n\t\t\t\t\t<\/div>\n\t\t<\/div>\n\t\t\t\t<div class=\"elementor-column elementor-col-50 elementor-top-column elementor-element elementor-element-b399b7b\" data-id=\"b399b7b\" data-element_type=\"column\">\n\t\t\t<div class=\"elementor-widget-wrap elementor-element-populated\">\n\t\t\t\t\t\t\t\t<div class=\"elementor-element elementor-element-969fa45 elementor-align-center elementor-widget elementor-widget-button\" data-id=\"969fa45\" data-element_type=\"widget\" data-widget_type=\"button.default\">\n\t\t\t\t<div class=\"elementor-widget-container\">\n\t\t\t\t\t<div class=\"elementor-button-wrapper\">\n\t\t\t<a href=\"https:\/\/theta.com.ro\/ro\/contact\/\" class=\"elementor-button-link elementor-button elementor-size-sm\" role=\"button\" id=\"lets-talk-button\">\n\t\t\t\t\t\t<span class=\"elementor-button-content-wrapper\">\n\t\t\t\t\t\t<span class=\"elementor-button-text\">contacteaz\u0103-ne<\/span>\n\t\t<\/span>\n\t\t\t\t\t<\/a>\n\t\t<\/div>\n\t\t\t\t<\/div>\n\t\t\t\t<\/div>\n\t\t\t\t\t<\/div>\n\t\t<\/div>\n\t\t\t\t\t\t\t<\/div>\n\t\t<\/section>\n\t\t\t\t\t\t\t<\/div>\n\t\t","protected":false},"excerpt":{"rendered":"<p>serviciile noastre Echipa noastr\u0103 de profesioni\u0219ti aduce toat\u0103 energia \u0219i entuziasmul pe care vi le-a\u021bi putea dori \u00eentr-o companie de amenaj\u0103ri interioare. Capacitatea lor excep\u021bional\u0103 de a furniza solu\u021bii este \u00eentotdeauna activat\u0103, un mix \u00eentre a fi creativ \u0219i inovator, \u00een timp ce se \u00eencadreaz\u0103 \u0219i \u00een buget. Contractare general\u0103 de interior Av\u00e2nd o abordare [&hellip;]<\/p>\n","protected":false},"author":1,"featured_media":0,"parent":0,"menu_order":0,"comment_status":"closed","ping_status":"closed","template":"","meta":{"footnotes":""},"class_list":["post-2160","page","type-page","status-publish","hentry"],"yoast_head":"<!-- This site is optimized with the Yoast SEO plugin v17.0 - https:\/\/yoast.com\/wordpress\/plugins\/seo\/ -->\n<title>Serviciile noastre - Theta Furniture &amp; More<\/title>\n<meta name=\"description\" content=\"Competen\u021bele echipei constau \u00een amenajare interioar\u0103, arhitectur\u0103 \u0219i lucr\u0103ri MEP, servicii de implementare de mobilier standard \u0219i personalizat.\" \/>\n<meta name=\"robots\" content=\"index, follow, max-snippet:-1, max-image-preview:large, max-video-preview:-1\" \/>\n<link rel=\"canonical\" href=\"https:\/\/theta.com.ro\/ro\/serviciile-noastre\/\" \/>\n<meta property=\"og:locale\" content=\"ro_RO\" \/>\n<meta property=\"og:type\" content=\"article\" \/>\n<meta property=\"og:title\" content=\"Serviciile noastre - Theta Furniture &amp; More\" \/>\n<meta property=\"og:description\" content=\"Competen\u021bele echipei constau \u00een amenajare interioar\u0103, arhitectur\u0103 \u0219i lucr\u0103ri MEP, servicii de implementare de mobilier standard \u0219i personalizat.\" \/>\n<meta property=\"og:url\" content=\"https:\/\/theta.com.ro\/ro\/serviciile-noastre\/\" \/>\n<meta property=\"og:site_name\" content=\"Theta Furniture &amp; More\" \/>\n<meta property=\"article:modified_time\" content=\"2021-09-14T09:28:19+00:00\" \/>\n<meta name=\"twitter:card\" content=\"summary_large_image\" \/>\n<meta name=\"twitter:label1\" content=\"Timp estimat pentru citire\" \/>\n\t<meta name=\"twitter:data1\" content=\"2 minute\" \/>\n<script type=\"application\/ld+json\" class=\"yoast-schema-graph\">{\"@context\":\"https:\/\/schema.org\",\"@graph\":[{\"@type\":\"Organization\",\"@id\":\"https:\/\/theta.com.ro\/ro\/#organization\",\"name\":\"Theta Furniture & More\",\"url\":\"https:\/\/theta.com.ro\/ro\/\",\"sameAs\":[],\"logo\":{\"@type\":\"ImageObject\",\"@id\":\"https:\/\/theta.com.ro\/ro\/#logo\",\"inLanguage\":\"ro-RO\",\"url\":\"https:\/\/theta.com.ro\/wp-content\/uploads\/2021\/06\/Theta_logo.png\",\"contentUrl\":\"https:\/\/theta.com.ro\/wp-content\/uploads\/2021\/06\/Theta_logo.png\",\"width\":236,\"height\":84,\"caption\":\"Theta Furniture & More\"},\"image\":{\"@id\":\"https:\/\/theta.com.ro\/ro\/#logo\"}},{\"@type\":\"WebSite\",\"@id\":\"https:\/\/theta.com.ro\/ro\/#website\",\"url\":\"https:\/\/theta.com.ro\/ro\/\",\"name\":\"Theta Furniture &amp; More\",\"description\":\"Furniture &amp; More\",\"publisher\":{\"@id\":\"https:\/\/theta.com.ro\/ro\/#organization\"},\"potentialAction\":[{\"@type\":\"SearchAction\",\"target\":{\"@type\":\"EntryPoint\",\"urlTemplate\":\"https:\/\/theta.com.ro\/ro\/?s={search_term_string}\"},\"query-input\":\"required name=search_term_string\"}],\"inLanguage\":\"ro-RO\"},{\"@type\":\"WebPage\",\"@id\":\"https:\/\/theta.com.ro\/ro\/serviciile-noastre\/#webpage\",\"url\":\"https:\/\/theta.com.ro\/ro\/serviciile-noastre\/\",\"name\":\"Serviciile noastre - Theta Furniture &amp; More\",\"isPartOf\":{\"@id\":\"https:\/\/theta.com.ro\/ro\/#website\"},\"datePublished\":\"2021-07-02T07:03:18+00:00\",\"dateModified\":\"2021-09-14T09:28:19+00:00\",\"description\":\"Competen\\u021bele echipei constau \\u00een amenajare interioar\\u0103, arhitectur\\u0103 \\u0219i lucr\\u0103ri MEP, servicii de implementare de mobilier standard \\u0219i personalizat.\",\"breadcrumb\":{\"@id\":\"https:\/\/theta.com.ro\/ro\/serviciile-noastre\/#breadcrumb\"},\"inLanguage\":\"ro-RO\",\"potentialAction\":[{\"@type\":\"ReadAction\",\"target\":[\"https:\/\/theta.com.ro\/ro\/serviciile-noastre\/\"]}]},{\"@type\":\"BreadcrumbList\",\"@id\":\"https:\/\/theta.com.ro\/ro\/serviciile-noastre\/#breadcrumb\",\"itemListElement\":[{\"@type\":\"ListItem\",\"position\":1,\"name\":\"Home\",\"item\":\"https:\/\/theta.com.ro\/ro\/\"},{\"@type\":\"ListItem\",\"position\":2,\"name\":\"Serviciile noastre\"}]}]}<\/script>\n<!-- \/ Yoast SEO plugin. -->","yoast_head_json":{"title":"Serviciile noastre - Theta Furniture &amp; More","description":"Competen\u021bele echipei constau \u00een amenajare interioar\u0103, arhitectur\u0103 \u0219i lucr\u0103ri MEP, servicii de implementare de mobilier standard \u0219i personalizat.","robots":{"index":"index","follow":"follow","max-snippet":"max-snippet:-1","max-image-preview":"max-image-preview:large","max-video-preview":"max-video-preview:-1"},"canonical":"https:\/\/theta.com.ro\/ro\/serviciile-noastre\/","og_locale":"ro_RO","og_type":"article","og_title":"Serviciile noastre - Theta Furniture &amp; More","og_description":"Competen\u021bele echipei constau \u00een amenajare interioar\u0103, arhitectur\u0103 \u0219i lucr\u0103ri MEP, servicii de implementare de mobilier standard \u0219i personalizat.","og_url":"https:\/\/theta.com.ro\/ro\/serviciile-noastre\/","og_site_name":"Theta Furniture &amp; More","article_modified_time":"2021-09-14T09:28:19+00:00","twitter_card":"summary_large_image","twitter_misc":{"Timp estimat pentru citire":"2 minute"},"schema":{"@context":"https:\/\/schema.org","@graph":[{"@type":"Organization","@id":"https:\/\/theta.com.ro\/ro\/#organization","name":"Theta Furniture & More","url":"https:\/\/theta.com.ro\/ro\/","sameAs":[],"logo":{"@type":"ImageObject","@id":"https:\/\/theta.com.ro\/ro\/#logo","inLanguage":"ro-RO","url":"https:\/\/theta.com.ro\/wp-content\/uploads\/2021\/06\/Theta_logo.png","contentUrl":"https:\/\/theta.com.ro\/wp-content\/uploads\/2021\/06\/Theta_logo.png","width":236,"height":84,"caption":"Theta Furniture & More"},"image":{"@id":"https:\/\/theta.com.ro\/ro\/#logo"}},{"@type":"WebSite","@id":"https:\/\/theta.com.ro\/ro\/#website","url":"https:\/\/theta.com.ro\/ro\/","name":"Theta Furniture &amp; More","description":"Furniture &amp; More","publisher":{"@id":"https:\/\/theta.com.ro\/ro\/#organization"},"potentialAction":[{"@type":"SearchAction","target":{"@type":"EntryPoint","urlTemplate":"https:\/\/theta.com.ro\/ro\/?s={search_term_string}"},"query-input":"required name=search_term_string"}],"inLanguage":"ro-RO"},{"@type":"WebPage","@id":"https:\/\/theta.com.ro\/ro\/serviciile-noastre\/#webpage","url":"https:\/\/theta.com.ro\/ro\/serviciile-noastre\/","name":"Serviciile noastre - Theta Furniture &amp; More","isPartOf":{"@id":"https:\/\/theta.com.ro\/ro\/#website"},"datePublished":"2021-07-02T07:03:18+00:00","dateModified":"2021-09-14T09:28:19+00:00","description":"Competen\u021bele echipei constau \u00een amenajare interioar\u0103, arhitectur\u0103 \u0219i lucr\u0103ri MEP, servicii de implementare de mobilier standard \u0219i personalizat.","breadcrumb":{"@id":"https:\/\/theta.com.ro\/ro\/serviciile-noastre\/#breadcrumb"},"inLanguage":"ro-RO","potentialAction":[{"@type":"ReadAction","target":["https:\/\/theta.com.ro\/ro\/serviciile-noastre\/"]}]},{"@type":"BreadcrumbList","@id":"https:\/\/theta.com.ro\/ro\/serviciile-noastre\/#breadcrumb","itemListElement":[{"@type":"ListItem","position":1,"name":"Home","item":"https:\/\/theta.com.ro\/ro\/"},{"@type":"ListItem","position":2,"name":"Serviciile noastre"}]}]}},"_links":{"self":[{"href":"https:\/\/theta.com.ro\/ro\/wp-json\/wp\/v2\/pages\/2160","targetHints":{"allow":["GET"]}}],"collection":[{"href":"https:\/\/theta.com.ro\/ro\/wp-json\/wp\/v2\/pages"}],"about":[{"href":"https:\/\/theta.com.ro\/ro\/wp-json\/wp\/v2\/types\/page"}],"author":[{"embeddable":true,"href":"https:\/\/theta.com.ro\/ro\/wp-json\/wp\/v2\/users\/1"}],"replies":[{"embeddable":true,"href":"https:\/\/theta.com.ro\/ro\/wp-json\/wp\/v2\/comments?post=2160"}],"version-history":[{"count":86,"href":"https:\/\/theta.com.ro\/ro\/wp-json\/wp\/v2\/pages\/2160\/revisions"}],"predecessor-version":[{"id":6400,"href":"https:\/\/theta.com.ro\/ro\/wp-json\/wp\/v2\/pages\/2160\/revisions\/6400"}],"wp:attachment":[{"href":"https:\/\/theta.com.ro\/ro\/wp-json\/wp\/v2\/media?parent=2160"}],"curies":[{"name":"wp","href":"https:\/\/api.w.org\/{rel}","templated":true}]}}