{"id":3905,"date":"2021-07-23T06:58:24","date_gmt":"2021-07-23T06:58:24","guid":{"rendered":"https:\/\/theta.com.ro\/terms-conditions\/"},"modified":"2021-08-25T07:25:29","modified_gmt":"2021-08-25T07:25:29","slug":"terms-conditions","status":"publish","type":"page","link":"https:\/\/theta.com.ro\/ro\/terms-conditions\/","title":{"rendered":"Termeni \u0219i condi\u021bii"},"content":{"rendered":"\t\t<div data-elementor-type=\"wp-page\" data-elementor-id=\"3905\" class=\"elementor elementor-3905 elementor-3328\">\n\t\t\t\t\t\t\t\t\t<section class=\"elementor-section elementor-top-section elementor-element elementor-element-8d9f51f elementor-section-boxed elementor-section-height-default elementor-section-height-default\" data-id=\"8d9f51f\" data-element_type=\"section\">\n\t\t\t\t\t\t<div class=\"elementor-container elementor-column-gap-default\">\n\t\t\t\t\t<div class=\"elementor-column elementor-col-100 elementor-top-column elementor-element elementor-element-29e0a55\" data-id=\"29e0a55\" data-element_type=\"column\">\n\t\t\t<div class=\"elementor-widget-wrap elementor-element-populated\">\n\t\t\t\t\t\t\t\t<div class=\"elementor-element elementor-element-97ccc66 elementor-widget elementor-widget-text-editor\" data-id=\"97ccc66\" data-element_type=\"widget\" data-widget_type=\"text-editor.default\">\n\t\t\t\t<div class=\"elementor-widget-container\">\n\t\t\t\t\t\t\t<h1>Termeni \u0219i condi\u021bii<\/h1><p>Conditii Generale pentru utilizarea site-ului www.theta.com.ro.<\/p><p>SC Intermedio General Grup SA este proprietarul site-ului www.theta.com.ro \u0219i detaliile de identificare sunt: \u200b\u200bSC Intermedio General Grup SA, CUI: RO24391992, Num\u0103r de \u00eenregistrare: J29 \/ 922\/2020, RO02BACX0000000710266000, Unicredit Bank, sucursala Obor, Administrator: Florin Gheorghe. Sediul social este situat \u00een: Soseaua de Centura Ploie\u0219ti Nord, Blejoi, jude\u021bul Prahova. Sediul central \u0219i showroom-ul se afl\u0103 \u00een: Sos. Bucureti-Ploiesti nr. 172-176, Willbrook Platinum Business &amp; Convention Center, Cl\u0103direa A, etajul 3, sector 1, Bucure\u0219ti.<\/p><p><strong>Acceptarea Conditiilor<\/strong><\/p><p>Prin accesarea acestui site web \u0219i\/sau a oric\u0103rei pagini a acestuia sunte\u021bi de acord cu aceste condi\u021bii de utilizare. Dac\u0103 nu sunte\u021bi de acord cu acesti termeni \u0219i conditii de utilizare, nu accesa\u021bi acest site.<\/p><p><strong>Descrierea serviciilor<\/strong><\/p><p>Site-ul nostru va pune la dispozi\u021bie informa\u021biile din acest site web \u00een scop informativ general \u0219i nu garanteaz\u0103 de exactitatea lor la un moment dat, de\u0219i se va incerca pe c\u00e2t posibil ca la publicarea lor pe site toate informatiile s\u0103 fie exacte.<\/p><p><strong>Introducere<\/strong><\/p><p>Prezentele Conditii Generale definesc condi\u021biile de utilizare a site-ului www.theta.com.ro de c\u0103tre poten\u021bialii vizitatori sau clien\u021bi. Acces\u00e2nd si navig\u00e2nd pe acest site, acceptati termenii de utilizare descrisi \u00een continuare.<\/p><p>Drepturile asupra continutului site-ului<\/p><p>S.C. Intermedio General Grup SA (denumit\u0103 \u00een continuare THETA) nu va transfera titlul de proprietate asupra aplica\u021biilor software.<\/p><p>THETA de\u021bine drepturi complete \u0219i depline asupra titlului de proprietate \u0219i prin aceasta toate drepturile de autor \u0219i cele brevetate.<\/p><p>Toate informa\u021biile, serviciile, produsele sau aplica\u021biile continute \u00een acest site sunt proprietatea THETA care \u00eesi rezerva dreptul de a modifica continu\u021bul si\/sau structura site-ului \u00een orice moment \u0219i f\u0103r\u0103 nici o informare prealabil\u0103.<\/p><p>\u00centregul continut al site-ului www.theta.com.ro este protejat prin legea drepturilor de autor, toate drepturile fiind rezervate. Toate drepturile referitoare la pagini, continutul si prezentarea site-ului sunt detinute THETA. Este interzis\u0103 copierea, modificarea, afi\u0219area, distribuirea, transmiterea, publicarea, comercializarea, licen\u021bierea, crearea unor materiale derivate sau utilizarea continutului site-ului \u00een orice scop fara confirmarea scris\u0103 din partea THETA.<\/p><p>Accesul \u0219i utilizarea paginii www.theta.com.ro sunt gratuite \u0219i au scopul de a veni \u00een ajutorul utilizatorilor pentru a g\u0103si informatiile necesare \u00een cel mai usor si rapid mod posibil, conform cerintelor fiec\u0103ruia.<\/p><p>Informa\u021biile prezente pe www.theta.com.ro sunt de interes general \u0219i sunt puse la dispozi\u021bia utilizatorilor \u00een mod gratuit. Prin termenul \u201eutilizator\u201d al acestei pagini se \u00eentelege orice persoana fizica sau juridica care va accesa pagina. Puteti copia si tipari continutul paginii www.theta.com.ro pentru folosinta dumneavoastr\u0103 personal\u0103, f\u0103r\u0103 intentii comerciale. \u00cen orice alte situatii, continutul www.theta.com.ro nu poate fi reprodus, modificat sau exploatat f\u0103r\u0103 consimtam\u00e2ntul explicit al reprezentantilor www.theta.com.ro.<\/p><p>Neangajarea r\u0103spunderii<\/p><p>Continutul informatiilor se refer\u0103 la descrierea \u00eentr-un anumit grad de detaliere a activitatilor, produselor \u0219i serviciilor THETA. THETA nu va acorda nici o garan\u021bie referitoare la:<\/p><p>\u2013 evitarea utilizarii anevoioase sau \u00eentreruperii \u00een utilizare a site-ului;<\/p><p>\u2013 neafectarea \u00een sens negativ a altor sisteme prin utilizarea site-ului;<\/p><p>\u2013 inexistenta pe site-ul pus la dispozitie a virusilor sau alte componente care ar putea dauna utilizatorilor.<\/p><p>Astfel, THETA nu poate fi responsabil\u0103 pentru nici un fel de daune directe sau indirecte produse prin utilizarea site-ului s\u0103u.<\/p><p>Toate informatiile prezentate pe site cu privire la produsele www.theta.com.ro, preturi, informatii, campanii si promotii de marketing, aspecte tehnice, sunt prezentate cu titlu informativ. Nimic din continutul site-ului www.theta.com.ro nu poate constitui o ofert\u0103 ferma de a contracta \u0219i nu poate angaja r\u0103spunderea THETA \u00een lipsa unor acorduri ulterioare.<\/p><p>Continutul paginii web www.theta.com.ro, a informa\u021biilor si a altor materiale prezentate de Comunitatea www.theta.com.ro nu reprezint\u0103 o consultatie juridic\u0103 \u00een sensul Legii nr. 51\/1995.<\/p><p>Site-ul nu face nicio declara\u021bie, promisiune sau garan\u021bie cu privire la exactitatea, exhaustivitatea sau caracterul adecvat al prezentului continut, al \u00eendrumarilor si a consultantei, nu \u00eesi asum\u0103 nicio obligatie de rezultat sau diligen\u021b\u0103 fa\u021b\u0103 de nicio persoan\u0103, exclud \u00een mod expres \u0219i neag\u0103 r\u0103spunderea pentru orice cost, pierdere sau daunele suferite ca urmare a utiliz\u0103rii con\u021binutului.<\/p><p>Obiectivul continutului site-ului<\/p><p>Obiectivul continutului site-ului este de a transmite informa\u021bii actualizate.<\/p><p>THETA nu poate garanta ca prezentele pagini nu con\u021bin erori, si asigur\u0103 c\u0103 va depune toate diligen\u021bele pentru realizarea unei inform\u0103ri corecte \u0219i remedierea eventualelor erori.<\/p><p>Orice persoan\u0103 care doreste s\u0103-\u0219i procure unul din serviciile sau produsele prezentate \u00een site este rugat\u0103 s\u0103 contacteze THETA prin unul din mijloacele afisate \u00een pagina de Contact a site-ului, pentru a se informa at\u00e2t asupra disponibilit\u0103\u021bii serviciului sau produsului \u00een cauza c\u00e2t si asupra conditiilor contractuale, tarifelor \u0219i informatiilor tehnice sau de alta natur\u0103.<\/p><p>Informatii personale<\/p><p>C\u00e2nd prin intermediul prezentului site v\u0103 sunt solicitate informatii, aceasta are ca scop identificarea dumneavoastr\u0103 sau posibilitatea de a v\u0103 contacta. Acest lucru este cu at\u00e2t mai necesar \u00een cazul folosirii aplicatiilor disponibile pe site.<\/p><p>Natura informatiilor solicitate se refer\u0103 \u00een special la date personale (nume, adresa de e-mail, numere de telefon), modul \u00een care sunt utilizate sau intentioneaz\u0103 s\u0103 fie utilizate produsele \u0219i\/sau serviciile THETA dar poate include si alte informatii aflate \u00een str\u00e2nsa legatura cu utilizarea serviciilor si\/sau produselor solicitate.<\/p><p>Cu scopul de a r\u0103spunde mai bine nevoilor si \u00eentrebarilor utilizatorilor site-ului, informa\u021biile solicitate prin intermediul acestui site vor face obiectul unei stoc\u0103ri \u0219i prelucr\u0103ri electronice.<\/p><p>Leg\u0103tura cu alte site-uri<\/p><p>Prezentul site poate contine leg\u0103turi sau trimiteri c\u0103tre alte site-uri considerate de THETA utile \u00een leg\u0103tur\u0103 cu con\u021binutul site-ului sau \u0219i care nu se afl\u0103 sub controlul sau \u00eendrumarea sa. \u00cen cazul utilizarii acestor leg\u0103turi sau trimiteri se vor aplica condi\u021biile generale de utilizare corespunz\u0103toare acelor site-uri.<\/p><p>THETA nu poate garanta\/controla actualitatea\/exactitatea informa\u021biilor prezente pe site-urile unor ter\u021bi, la care se face trimitere de pe site-ul s\u0103u.<\/p><p>Informatiile oferite prin intermediul site-ului<\/p><p>Orice persoan\u0103 care viziteaz\u0103 site-ul www.theta.com.ro \u0219i care ofer\u0103 date sau informatii cu caracter personal prin intermediul acestui site \u00eesi manifest\u0103 acordul \u00een mod expres si neechivoc pentru urm\u0103toarele: prelucrarea acestor date \u0219i informatii personale de c\u0103tre THETA, transmiterii de materiale promotionale specifice operatiunilor de marketing direct; solutionarea de c\u0103tre THETA a cererilor, \u00eentreb\u0103rilor \u0219i reclama\u021biilor adresate (a se vedea pagina Contact din site); alte activitati \u00eentreprinse de THETA \u0219i permise de lege, ce nu fac obiectul unei aprobari din partea destinatarului.<\/p><p>THETA va pastra confidentialitatea acestor informatii.<\/p><p>Utilizarea \u00een continuare a acestui site constituie acordul expres si neechivoc al dumneavoastra \u00een conformitate cu prevederile legii 677\/2001 si directivelor GDPR pentru protectia persoanelor cu privire la prelucrarea datelor cu caracter personal \u0219i libera circula\u021bie a acestor date.<\/p><p>Pentru orice nelamurire \u00een legatura cu exercitarea drepturilor dumneavoastra referitoare la utilizarea site-ului si la protectia utilizarii va rugam sa ne contactati prin intermediul sec\u021biunii Contact din site.<\/p><p>For\u021b\u0103 major\u0103<\/p><p>Nici una din p\u0103r\u021bi nu va fi r\u0103spunz\u0103toare pentru neexecutarea obliga\u021biilor sale contractuale, dac\u0103 o astfel de neexecutare este datorat\u0103 unui eveniment de for\u021b\u0103 major\u0103. For\u021ba major\u0103 este evenimentul imprevizibil, \u00een afara controlului p\u0103r\u021bilor \u0219i care nu poate fi evitat.<\/p><p>Legea aplicabil\u0103<\/p><p>Prezentul document este supus legii Rom\u00e2ne. Eventualele litigii ap\u0103rute \u00eentre THETA \u0219i utilizatori\/clien\u021bi se vor rezolva pe cale amiabil\u0103 sau, \u00een cazul \u00een care aceasta nu va fi posibil\u0103, litigiile vor fi solu\u021bionate de instan\u021bele judec\u0103tore\u0219ti Rom\u00e2ne competente.<\/p><p>Modificarea termenilor \u0219i condi\u021biilor<\/p><p>THETA are dreptul de a modifica oric\u00e2nd \u0219i \u00een orice mod oricare dintre prevederile cuprinse \u00een Termeni \u0219i condi\u021bii sau Termenii \u0219i Condi\u021biile \u00een \u00eentregime, f\u0103r\u0103 nicio notificare prealabila \u0219i f\u0103r\u0103 a fi obligat\u0103 s\u0103 \u00eendeplineasc\u0103 vreo alta formalitate fata de utilizatori. Orice modificare este acceptat\u0103 deplin \u0219i necondi\u021bionat de c\u0103tre utilizatorii site-ului prin simpla utilizare sau accesare a site-ului sau a oric\u0103rei facilita\u021bi oferite de site, intervenite oric\u00e2nd dup\u0103 operarea modific\u0103rii, iar neacceptarea oric\u0103rei modific\u0103ri atrage obliga\u021bia respectivului Utilizator de a \u00eenceta de \u00eendat\u0103 accesarea site-ului \u0219i\/sau utilizarea \u00een orice mod a serviciilor oferite prin intermediul acestuia.<\/p>\t\t\t\t\t\t<\/div>\n\t\t\t\t<\/div>\n\t\t\t\t\t<\/div>\n\t\t<\/div>\n\t\t\t\t\t\t\t<\/div>\n\t\t<\/section>\n\t\t\t\t\t\t\t<\/div>\n\t\t","protected":false},"excerpt":{"rendered":"<p>Termeni \u0219i condi\u021bii Conditii Generale pentru utilizarea site-ului www.theta.com.ro. SC Intermedio General Grup SA este proprietarul site-ului www.theta.com.ro \u0219i detaliile de identificare sunt: \u200b\u200bSC Intermedio General Grup SA, CUI: RO24391992, Num\u0103r de \u00eenregistrare: J29 \/ 922\/2020, RO02BACX0000000710266000, Unicredit Bank, sucursala Obor, Administrator: Florin Gheorghe. Sediul social este situat \u00een: Soseaua de Centura Ploie\u0219ti Nord, Blejoi, [&hellip;]<\/p>\n","protected":false},"author":1,"featured_media":0,"parent":0,"menu_order":0,"comment_status":"closed","ping_status":"closed","template":"","meta":{"footnotes":""},"class_list":["post-3905","page","type-page","status-publish","hentry"],"yoast_head":"<!-- This site is optimized with the Yoast SEO plugin v17.0 - https:\/\/yoast.com\/wordpress\/plugins\/seo\/ -->\n<title>Termeni \u0219i condi\u021bii - Theta Furniture &amp; More<\/title>\n<meta name=\"robots\" content=\"index, follow, max-snippet:-1, max-image-preview:large, max-video-preview:-1\" \/>\n<link rel=\"canonical\" href=\"https:\/\/theta.com.ro\/ro\/terms-conditions\/\" \/>\n<meta property=\"og:locale\" content=\"ro_RO\" \/>\n<meta property=\"og:type\" content=\"article\" \/>\n<meta property=\"og:title\" content=\"Termeni \u0219i condi\u021bii - Theta Furniture &amp; More\" \/>\n<meta property=\"og:description\" content=\"Termeni \u0219i condi\u021bii Conditii Generale pentru utilizarea site-ului www.theta.com.ro. SC Intermedio General Grup SA este proprietarul site-ului www.theta.com.ro \u0219i detaliile de identificare sunt: \u200b\u200bSC Intermedio General Grup SA, CUI: RO24391992, Num\u0103r de \u00eenregistrare: J29 \/ 922\/2020, RO02BACX0000000710266000, Unicredit Bank, sucursala Obor, Administrator: Florin Gheorghe. Sediul social este situat \u00een: Soseaua de Centura Ploie\u0219ti Nord, Blejoi, [&hellip;]\" \/>\n<meta property=\"og:url\" content=\"https:\/\/theta.com.ro\/ro\/terms-conditions\/\" \/>\n<meta property=\"og:site_name\" content=\"Theta Furniture &amp; More\" \/>\n<meta property=\"article:modified_time\" content=\"2021-08-25T07:25:29+00:00\" \/>\n<meta name=\"twitter:card\" content=\"summary_large_image\" \/>\n<meta name=\"twitter:label1\" content=\"Timp estimat pentru citire\" \/>\n\t<meta name=\"twitter:data1\" content=\"7 minute\" \/>\n<script type=\"application\/ld+json\" class=\"yoast-schema-graph\">{\"@context\":\"https:\/\/schema.org\",\"@graph\":[{\"@type\":\"Organization\",\"@id\":\"https:\/\/theta.com.ro\/ro\/#organization\",\"name\":\"Theta Furniture & More\",\"url\":\"https:\/\/theta.com.ro\/ro\/\",\"sameAs\":[],\"logo\":{\"@type\":\"ImageObject\",\"@id\":\"https:\/\/theta.com.ro\/ro\/#logo\",\"inLanguage\":\"ro-RO\",\"url\":\"https:\/\/theta.com.ro\/wp-content\/uploads\/2021\/06\/Theta_logo.png\",\"contentUrl\":\"https:\/\/theta.com.ro\/wp-content\/uploads\/2021\/06\/Theta_logo.png\",\"width\":236,\"height\":84,\"caption\":\"Theta Furniture & More\"},\"image\":{\"@id\":\"https:\/\/theta.com.ro\/ro\/#logo\"}},{\"@type\":\"WebSite\",\"@id\":\"https:\/\/theta.com.ro\/ro\/#website\",\"url\":\"https:\/\/theta.com.ro\/ro\/\",\"name\":\"Theta Furniture &amp; More\",\"description\":\"Furniture &amp; More\",\"publisher\":{\"@id\":\"https:\/\/theta.com.ro\/ro\/#organization\"},\"potentialAction\":[{\"@type\":\"SearchAction\",\"target\":{\"@type\":\"EntryPoint\",\"urlTemplate\":\"https:\/\/theta.com.ro\/ro\/?s={search_term_string}\"},\"query-input\":\"required name=search_term_string\"}],\"inLanguage\":\"ro-RO\"},{\"@type\":\"WebPage\",\"@id\":\"https:\/\/theta.com.ro\/ro\/terms-conditions\/#webpage\",\"url\":\"https:\/\/theta.com.ro\/ro\/terms-conditions\/\",\"name\":\"Termeni \\u0219i condi\\u021bii - Theta Furniture &amp; More\",\"isPartOf\":{\"@id\":\"https:\/\/theta.com.ro\/ro\/#website\"},\"datePublished\":\"2021-07-23T06:58:24+00:00\",\"dateModified\":\"2021-08-25T07:25:29+00:00\",\"breadcrumb\":{\"@id\":\"https:\/\/theta.com.ro\/ro\/terms-conditions\/#breadcrumb\"},\"inLanguage\":\"ro-RO\",\"potentialAction\":[{\"@type\":\"ReadAction\",\"target\":[\"https:\/\/theta.com.ro\/ro\/terms-conditions\/\"]}]},{\"@type\":\"BreadcrumbList\",\"@id\":\"https:\/\/theta.com.ro\/ro\/terms-conditions\/#breadcrumb\",\"itemListElement\":[{\"@type\":\"ListItem\",\"position\":1,\"name\":\"Home\",\"item\":\"https:\/\/theta.com.ro\/ro\/\"},{\"@type\":\"ListItem\",\"position\":2,\"name\":\"Termeni \\u0219i condi\\u021bii\"}]}]}<\/script>\n<!-- \/ Yoast SEO plugin. -->","yoast_head_json":{"title":"Termeni \u0219i condi\u021bii - Theta Furniture &amp; More","robots":{"index":"index","follow":"follow","max-snippet":"max-snippet:-1","max-image-preview":"max-image-preview:large","max-video-preview":"max-video-preview:-1"},"canonical":"https:\/\/theta.com.ro\/ro\/terms-conditions\/","og_locale":"ro_RO","og_type":"article","og_title":"Termeni \u0219i condi\u021bii - Theta Furniture &amp; More","og_description":"Termeni \u0219i condi\u021bii Conditii Generale pentru utilizarea site-ului www.theta.com.ro. SC Intermedio General Grup SA este proprietarul site-ului www.theta.com.ro \u0219i detaliile de identificare sunt: \u200b\u200bSC Intermedio General Grup SA, CUI: RO24391992, Num\u0103r de \u00eenregistrare: J29 \/ 922\/2020, RO02BACX0000000710266000, Unicredit Bank, sucursala Obor, Administrator: Florin Gheorghe. Sediul social este situat \u00een: Soseaua de Centura Ploie\u0219ti Nord, Blejoi, [&hellip;]","og_url":"https:\/\/theta.com.ro\/ro\/terms-conditions\/","og_site_name":"Theta Furniture &amp; More","article_modified_time":"2021-08-25T07:25:29+00:00","twitter_card":"summary_large_image","twitter_misc":{"Timp estimat pentru citire":"7 minute"},"schema":{"@context":"https:\/\/schema.org","@graph":[{"@type":"Organization","@id":"https:\/\/theta.com.ro\/ro\/#organization","name":"Theta Furniture & More","url":"https:\/\/theta.com.ro\/ro\/","sameAs":[],"logo":{"@type":"ImageObject","@id":"https:\/\/theta.com.ro\/ro\/#logo","inLanguage":"ro-RO","url":"https:\/\/theta.com.ro\/wp-content\/uploads\/2021\/06\/Theta_logo.png","contentUrl":"https:\/\/theta.com.ro\/wp-content\/uploads\/2021\/06\/Theta_logo.png","width":236,"height":84,"caption":"Theta Furniture & More"},"image":{"@id":"https:\/\/theta.com.ro\/ro\/#logo"}},{"@type":"WebSite","@id":"https:\/\/theta.com.ro\/ro\/#website","url":"https:\/\/theta.com.ro\/ro\/","name":"Theta Furniture &amp; More","description":"Furniture &amp; More","publisher":{"@id":"https:\/\/theta.com.ro\/ro\/#organization"},"potentialAction":[{"@type":"SearchAction","target":{"@type":"EntryPoint","urlTemplate":"https:\/\/theta.com.ro\/ro\/?s={search_term_string}"},"query-input":"required name=search_term_string"}],"inLanguage":"ro-RO"},{"@type":"WebPage","@id":"https:\/\/theta.com.ro\/ro\/terms-conditions\/#webpage","url":"https:\/\/theta.com.ro\/ro\/terms-conditions\/","name":"Termeni \u0219i condi\u021bii - Theta Furniture &amp; More","isPartOf":{"@id":"https:\/\/theta.com.ro\/ro\/#website"},"datePublished":"2021-07-23T06:58:24+00:00","dateModified":"2021-08-25T07:25:29+00:00","breadcrumb":{"@id":"https:\/\/theta.com.ro\/ro\/terms-conditions\/#breadcrumb"},"inLanguage":"ro-RO","potentialAction":[{"@type":"ReadAction","target":["https:\/\/theta.com.ro\/ro\/terms-conditions\/"]}]},{"@type":"BreadcrumbList","@id":"https:\/\/theta.com.ro\/ro\/terms-conditions\/#breadcrumb","itemListElement":[{"@type":"ListItem","position":1,"name":"Home","item":"https:\/\/theta.com.ro\/ro\/"},{"@type":"ListItem","position":2,"name":"Termeni \u0219i condi\u021bii"}]}]}},"_links":{"self":[{"href":"https:\/\/theta.com.ro\/ro\/wp-json\/wp\/v2\/pages\/3905","targetHints":{"allow":["GET"]}}],"collection":[{"href":"https:\/\/theta.com.ro\/ro\/wp-json\/wp\/v2\/pages"}],"about":[{"href":"https:\/\/theta.com.ro\/ro\/wp-json\/wp\/v2\/types\/page"}],"author":[{"embeddable":true,"href":"https:\/\/theta.com.ro\/ro\/wp-json\/wp\/v2\/users\/1"}],"replies":[{"embeddable":true,"href":"https:\/\/theta.com.ro\/ro\/wp-json\/wp\/v2\/comments?post=3905"}],"version-history":[{"count":4,"href":"https:\/\/theta.com.ro\/ro\/wp-json\/wp\/v2\/pages\/3905\/revisions"}],"predecessor-version":[{"id":6308,"href":"https:\/\/theta.com.ro\/ro\/wp-json\/wp\/v2\/pages\/3905\/revisions\/6308"}],"wp:attachment":[{"href":"https:\/\/theta.com.ro\/ro\/wp-json\/wp\/v2\/media?parent=3905"}],"curies":[{"name":"wp","href":"https:\/\/api.w.org\/{rel}","templated":true}]}}