{"id":3906,"date":"2021-07-23T06:57:47","date_gmt":"2021-07-23T06:57:47","guid":{"rendered":"https:\/\/theta.com.ro\/cookie-policy\/"},"modified":"2021-08-25T07:25:05","modified_gmt":"2021-08-25T07:25:05","slug":"cookie-policy","status":"publish","type":"page","link":"https:\/\/theta.com.ro\/ro\/cookie-policy\/","title":{"rendered":"Politica de utilizare \u201ecookies\u201d"},"content":{"rendered":"\t\t<div data-elementor-type=\"wp-page\" data-elementor-id=\"3906\" class=\"elementor elementor-3906 elementor-3323\">\n\t\t\t\t\t\t\t\t\t<section class=\"elementor-section elementor-top-section elementor-element elementor-element-08f7482 elementor-section-boxed elementor-section-height-default elementor-section-height-default\" data-id=\"08f7482\" data-element_type=\"section\">\n\t\t\t\t\t\t<div class=\"elementor-container elementor-column-gap-default\">\n\t\t\t\t\t<div class=\"elementor-column elementor-col-100 elementor-top-column elementor-element elementor-element-69e6f8d\" data-id=\"69e6f8d\" data-element_type=\"column\">\n\t\t\t<div class=\"elementor-widget-wrap elementor-element-populated\">\n\t\t\t\t\t\t\t\t<div class=\"elementor-element elementor-element-5ec18c7 elementor-widget elementor-widget-text-editor\" data-id=\"5ec18c7\" data-element_type=\"widget\" data-widget_type=\"text-editor.default\">\n\t\t\t\t<div class=\"elementor-widget-container\">\n\t\t\t\t\t\t\t<h1>Politica de utilizare \u201ecookies\u201d<\/h1><p>Acest website folose\u0219te cookie-uri proprii \u0219i ale unor ter\u021be p\u0103r\u021bi pentru a personaliza con\u021binutul \u0219i anun\u021burile, pentru a oferi func\u021bii de social media \u0219i pentru a analiza traficul nostru. De asemenea, partenerii no\u0219tri de social media, de publicitate \u0219i de analiz\u0103 pot avea informa\u021bii despre utilizarea de c\u0103tre dumneavoastr\u0103 a site-ului, ace\u0219tia put\u00e2ndu-le combina cu alte informa\u021bii pe care le-a\u021bi furnizat sau care le-au colectat de la utilizarea serviciilor dumneavoastr\u0103.<\/p><p>\u00cen timpul parcurgerii website-ului, utilizatorul accept\u0103 utilizarea de cookie-uri. Cu toate acestea, utilizatorul are posibilitatea de a \u00eempiedica generarea de cookie-uri \u0219i de a le dezactiva select\u00e2nd op\u021biunea corespunz\u0103toare din browser-ul lor sau dezactiv\u00e2ndu-le pe fiecare \u00een parte. \u00cen cazul \u00een care un browser a blocat utilizarea de cookie-uri, este posibil ca unele dintre serviciile \u0219i func\u021bionalit\u0103\u021bile website-ului s\u0103 nu fie disponibile.<\/p><p><b>Ce este un cookie?<\/b><\/p><p>Un cookie este un mic fragment de text pe care site-urile web \u00eel transmit browser-ului \u0219i care este stocat \u00een dispozitivul utilizatorului, cum ar fi computerul personal, telefonul mobil, tablet\u0103, etc. Aceste fi\u0219iere sunt utilizate de c\u0103tre website s\u0103-\u0219i aminteasc\u0103 informa\u021bii despre vizitele utilizatorilor, cum ar fi preferin\u021bele de limb\u0103 \u0219i alte op\u021biuni, \u00een timp ce v\u0103 ajut\u0103 s\u0103 seta\u021bi lucrurile pentru urm\u0103toarele vizite \u0219i de a face site-ul web mai util prin personalizarea con\u021binutului s\u0103u. Cookie-urile joac\u0103 un rol foarte important \u00een \u00eembun\u0103t\u0103\u021birea experien\u021bei de utilizare a site-ului web.<\/p><p><b>Cum utilizeaz\u0103\u00a0THETA\u00a0cookie-urile?<\/b><\/p><p>Prin consim\u021b\u0103m\u00e2ntul acordat, utilizatorul permite instalarea cookie-urilor \u00een dispozitivul s\u0103u pentru a ne spune urm\u0103toarele informa\u021bii:<\/p><ul><li>Informa\u021bii statistice cu privire la utilizarea website-ului.<\/li><li>Formatul de web preferat pentru accesul la dispozitive mobile.<\/li><li>Cele mai recente c\u0103ut\u0103ri f\u0103cute din serviciile de pe web, precum \u0219i detaliile personalizate ale acestor servicii.<\/li><li>Informa\u021bii despre reclamele afi\u0219ate pentru utilizator.<\/li><li>Detalii pentru conectarea la re\u021belele sociale pentru utilizatorii care acceseaz\u0103 site-ul web prin conturile lor de pe Facebook.<\/li><\/ul><p><b>Tipuri de cookie-uri folosite <\/b><\/p><p>Acest website folose\u0219te at\u00e2t cookie-uri temporare \u0219i permanente. Cookie-urile temporare (de sesiune) stocheaz\u0103 date doar at\u00e2t timp c\u00e2t utilizatorul este pe website, \u00een timp ce cookie-urile permanente sunt stocate pe dispozitivul utilizatorului, astfel \u00eenc\u00e2t s\u0103 poat\u0103 fi accesate \u0219i utilizate \u00een mai mult de o sesiune.<\/p><p><i>Cookie-uri strict necesare<\/i>, f\u0103r\u0103 de care nu v-am putea livra con\u021binutul site-ului \u0219i care asigur\u0103 func\u021bionalitatea de baz\u0103 a site-ului. \u00cen leg\u0103tur\u0103 cu acestea nu v\u0103 pute\u021bi manifesta op\u021biunea, dac\u0103 dori\u021bi s\u0103 utiliza\u021bi acest site.<\/p><p>Aceste cookie-uri sunt esen\u0163iale pentru ca tu s\u0103 po\u0163i naviga pe site \u015fi s\u0103 folose\u015fti serviciile pe care le-ai solicitat, cum ar fi accesarea zonelor sigure ale site-ului<i>.<\/i><\/p><p><i>Cookie-uri func\u021bionale<\/i><\/p><p>Aceste cookie-uri permit utilizatorului s\u0103 exploreze website-ul sau aplica\u021bia pentru a utiliza diferite op\u021biuni sau servicii. De exemplu, acestea sunt folosite pentru a urm\u0103ri traficul web, pentru comunicarea de date, pentru a avea acces la sec\u021biunile restric\u021bionate ale website-ului, pentru a \u00eenregistra con\u021binutul unei comenzi, pentru a face cereri de \u00eenregistrare sau pentru a participa la evenimente, pentru a utiliza elemente de securitate \u00een timpul navig\u0103rii \u0219i pentru a \u00eenregistra con\u021binut pentru publicarea audio \u0219i video.<\/p><p><i>Cookie-uri de personalizare <\/i><\/p><p>Acestea permit utilizatorului s\u0103 acceseze serviciul utiliz\u00e2nd anumite caracteristici generale, care sunt predefinite \u00een dispozitivul lor sau care sunt definite de utilizator. De exemplu, limba, tipul browser-ului folosit pentru a accesa serviciul, design-ul con\u021binutului selectat, geoloca\u0163ia dispozitivului sau configura\u021bia regional\u0103 de unde serviciul este accesat. Cookie-urile de limba ne spun ce limb\u0103 a selectat utilizatorul la prima vizit\u0103 pe site-ul web. Aceste cookie-uri sunt permanente \u0219i nu sunt \u0219terse atunci c\u00e2nd browser-ul este \u00eenchis.<\/p><table width=\"100%\" cellspacing=\"0\" cellpadding=\"7\"><colgroup> <col width=\"15%\" \/> <col width=\"15%\" \/> <col width=\"55%\" \/> <col width=\"15%\" \/> <\/colgroup><tbody><tr valign=\"top\"><td width=\"15%\" height=\"1\">\u00a0<\/td><td width=\"15%\"><p align=\"justify\"><b>Denumire<\/b><\/p><\/td><td width=\"55%\"><p align=\"justify\"><b>Scop<\/b><\/p><\/td><td width=\"15%\"><p align=\"justify\"><b>Durata<\/b><\/p><\/td><\/tr><tr valign=\"top\"><td width=\"15%\" height=\"15\"><p align=\"justify\">theta.com.ro<\/p><\/td><td width=\"15%\"><p align=\"justify\">pll_language<\/p><\/td><td width=\"55%\"><p align=\"justify\">Selectare limba site<\/p><\/td><td width=\"15%\"><p align=\"justify\">365 zile<\/p><\/td><\/tr><tr valign=\"top\"><td width=\"15%\" height=\"15\">\u00a0<\/td><td width=\"15%\">\u00a0<\/td><td width=\"55%\">\u00a0<\/td><td width=\"15%\">\u00a0<\/td><\/tr><\/tbody><\/table><p><i>Cookie-uri de publicitate <\/i><\/p><p>Aceste cookie-uri ajut\u0103 la gestionarea eficient\u0103 a spa\u021biilor de publicitate, care sunt incluse \u00een pagina web sau aplica\u021bia din care se presteaz\u0103 serviciul. Ele sunt folosite pentru a adapta con\u021binutul de publicitate, pentru a v\u0103 asigura c\u0103 este relevant pentru dumneavoastr\u0103 \u0219i pentru a evita afi\u0219area reclamelor pe care utilizatorul le-a v\u0103zut deja. Cookie-urile pentru publicitate sunt plasate de ter\u0163e p\u0103r\u0163i, cum ar fi companiile de publicitate \u015fi agen\u0163ii lor.<\/p><table width=\"100%\" cellspacing=\"0\" cellpadding=\"7\"><colgroup> <col width=\"15%\" \/> <col width=\"15%\" \/> <col width=\"55%\" \/> <col width=\"15%\" \/> <\/colgroup><tbody><tr valign=\"top\"><td width=\"15%\">\u00a0<\/td><td width=\"15%\"><p align=\"justify\"><b>Denumire<\/b><\/p><\/td><td width=\"55%\"><p align=\"justify\"><b>Scop<\/b><\/p><\/td><td width=\"15%\"><p align=\"justify\"><b>Durata<\/b><\/p><\/td><\/tr><tr valign=\"top\"><td width=\"15%\" height=\"15\"><p align=\"justify\">google-analytics.com<\/p><\/td><td width=\"15%\"><p align=\"justify\">collect<\/p><\/td><td width=\"55%\"><p align=\"justify\">Transmite date c\u0103tre Google Analytics cu privire la dispozitivul \u0219i comportamentul utilizatorului<\/p><\/td><td width=\"15%\"><p align=\"justify\">Sesiune<\/p><\/td><\/tr><tr valign=\"top\"><td width=\"15%\" height=\"15\">\u00a0<\/td><td width=\"15%\">\u00a0<\/td><td width=\"55%\">\u00a0<\/td><td width=\"15%\">\u00a0<\/td><\/tr><tr valign=\"top\"><td width=\"15%\" height=\"15\">\u00a0<\/td><td width=\"15%\">\u00a0<\/td><td width=\"55%\">\u00a0<\/td><td width=\"15%\">\u00a0<\/td><\/tr><\/tbody><\/table><ul><li><i>Cookie-uri pentru retele sociale:<\/i><\/li><\/ul><p>Aceste cookies sunt folosite de retelele de socializare (Facebook, Twitter, Google+, YouTube, Instagram, Pinterest, etc) si permit distribuirea continutului de pe www.theta.com.ro pe respectivele retele.\u00a0THETA.ro nu controleaza aceste cookies, deci, pentru mai multe informatii despre cum functioneaza, te rugam sa verifici paginile retelelor de socializare.<\/p><p><i>Cookie-uri de analiz\u0103 statistic\u0103 <\/i><\/p><p>Aceste cookie-uri sunt folosite pentru a colecta informa\u021bii cu privire la modul \u00een care utilizatorii interac\u021bioneaz\u0103 cu website-ul nostru, pentru comportamentul general al tuturor utilizatorilor care urmeaz\u0103 s\u0103 fie analizate pentru a ne ajuta s\u0103 aducem \u00eembun\u0103t\u0103\u021biri, \u0219i nu pot fi folosite pentru a identifica utilizatorii individuali.<\/p><table width=\"100%\" cellspacing=\"0\" cellpadding=\"7\"><colgroup> <col width=\"15%\" \/> <col width=\"15%\" \/> <col width=\"55%\" \/> <col width=\"15%\" \/> <\/colgroup><tbody><tr valign=\"top\"><td rowspan=\"4\" width=\"15%\" height=\"7\"><p align=\"justify\">domeniu.ro<\/p><\/td><td width=\"15%\"><p align=\"justify\"><b>Denumire<\/b><\/p><\/td><td width=\"55%\"><p align=\"justify\"><b>Scop<\/b><\/p><\/td><td width=\"15%\"><p align=\"justify\"><b>Durata<\/b><\/p><\/td><\/tr><tr valign=\"top\"><td width=\"15%\"><p align=\"justify\">_gat<\/p><\/td><td rowspan=\"3\" width=\"55%\"><p align=\"justify\">\u00cenregistreaz\u0103 un ID unic pentru date statistice Google Analytics.<\/p><\/td><td width=\"15%\"><p align=\"justify\">1 minut<\/p><\/td><\/tr><tr valign=\"top\"><td width=\"15%\"><p align=\"justify\">_ga<\/p><\/td><td width=\"15%\"><p align=\"justify\">2 ani<\/p><\/td><\/tr><tr valign=\"top\"><td width=\"15%\"><p align=\"justify\">_gid<\/p><\/td><td width=\"15%\"><p align=\"justify\">24 de ore<\/p><\/td><\/tr><\/tbody><\/table><p>Nu v\u0103 putem identifica personal prin informatiile colectate prin cookie-uri, \u0219i de asemenea cookie-urile nu pot citi date sau alte fisiere existente \u00een echipamentul dumneavoast\u0103.<\/p><p><b>Cum s\u0103 administrezi &amp; \u015ftergi cookie-uri? <\/b><\/p><p>Utilizatorul are posibilitatea de a permite, bloca sau \u0219terge cookie-urile instalate \u00een sistemul s\u0103u prin modificarea set\u0103rilor de op\u021biuni ale browser-ului instalat \u00een dispozitivul acestuia:<\/p><p>Pentru a modifica set\u0103rile cookie-urilor pe <b>Google Chrome<\/b>: click pe meniul din bara de instrumente. Selecta\u021bi Set\u0103ri. Click pe Afi\u0219a\u021bi set\u0103rile avansate. \u00cen sec\u021biunea de confiden\u021bialitate face\u021bi click pe set\u0103rile de con\u021binut. Informa\u021bii suplimentare despre Google Chrome <u><a href=\"https:\/\/support.google.com\/chrome\/answer\/95647?hl=ro\">https:\/\/support.google.com\/chrome\/answer\/95647?hl=ro<\/a><\/u>. Informa\u021bii despre Mozilla Firefox pute\u021bi reg\u0103si acces\u00e2nd: <u><a href=\"https:\/\/support.mozilla.org\/ro\/kb\/cookie-urile\">https:\/\/support.mozilla.org\/ro\/kb\/cookie-urile<\/a><\/u>. Informa\u021bii suplimentare despre cum pute\u021bi gestiona cookies \u00een cazul Internet Explorer 9: <u><a href=\"https:\/\/support.microsoft.com\/ro-ro\/help\/278835\/how-to-delete-cookie-files-in-internet-explorer\">https:\/\/support.microsoft.com\/ro-ro\/help\/278835\/how-to-delete-cookie-files-in-internet-explorer<\/a><\/u>. <\/p><p>Dac\u0103 bloca\u021bi utilizarea de cookie-uri pe browser-ul dvs. unele dintre serviciile \u0219i func\u021bionalit\u0103\u021bile site-ului web ar putea s\u0103 nu fie disponibile. Unele browsere permit utilizatorilor set\u0103ri specifice pentru utilizarea cookie-urilor de c\u0103tre anumite siteuri web, care permite un control mai precis al informa\u0163iilor private. Acest lucru \u00eenseamn\u0103 c\u0103 pute\u021bi bloca cookie-urile de pe toate site-urile web, cu excep\u021bia celor care ave\u021bi \u00eencredere. Utilizarea\u00a0www.theta.com.ro\u00a0f\u0103r\u0103 respingerea cookie-urilor sau a tehnologiilor similare denot\u0103 consim\u0163\u0103m\u00e2ntul vizitatorilor pentru utilizarea de c\u0103tre noi a unor astfel de tehnologii \u015fi pentru prelucrarea informa\u0163iilor.<br \/>Dac\u0103 ave\u021bi neclarit\u0103\u021bi sau \u00eentreb\u0103ri cu privire la politica de Cookie-uri, v\u0103 rug\u0103m s\u0103 scrie\u021bi la adresa de mail <u><a href=\"mailto:office@theta.com.ro\">office@theta.com.ro<\/a><\/u>.<\/p><p>\u00a0<\/p>\t\t\t\t\t\t<\/div>\n\t\t\t\t<\/div>\n\t\t\t\t\t<\/div>\n\t\t<\/div>\n\t\t\t\t\t\t\t<\/div>\n\t\t<\/section>\n\t\t\t\t\t\t\t<\/div>\n\t\t","protected":false},"excerpt":{"rendered":"<p>Politica de utilizare \u201ecookies\u201d Acest website folose\u0219te cookie-uri proprii \u0219i ale unor ter\u021be p\u0103r\u021bi pentru a personaliza con\u021binutul \u0219i anun\u021burile, pentru a oferi func\u021bii de social media \u0219i pentru a analiza traficul nostru. De asemenea, partenerii no\u0219tri de social media, de publicitate \u0219i de analiz\u0103 pot avea informa\u021bii despre utilizarea de c\u0103tre dumneavoastr\u0103 a site-ului, [&hellip;]<\/p>\n","protected":false},"author":1,"featured_media":0,"parent":0,"menu_order":0,"comment_status":"closed","ping_status":"closed","template":"","meta":{"footnotes":""},"class_list":["post-3906","page","type-page","status-publish","hentry"],"yoast_head":"<!-- This site is optimized with the Yoast SEO plugin v17.0 - https:\/\/yoast.com\/wordpress\/plugins\/seo\/ -->\n<title>Politica de utilizare \u201ecookies\u201d - Theta Furniture &amp; More<\/title>\n<meta name=\"robots\" content=\"index, follow, max-snippet:-1, max-image-preview:large, max-video-preview:-1\" \/>\n<link rel=\"canonical\" href=\"https:\/\/theta.com.ro\/ro\/cookie-policy\/\" \/>\n<meta property=\"og:locale\" content=\"ro_RO\" \/>\n<meta property=\"og:type\" content=\"article\" \/>\n<meta property=\"og:title\" content=\"Politica de utilizare \u201ecookies\u201d - Theta Furniture &amp; More\" \/>\n<meta property=\"og:description\" content=\"Politica de utilizare \u201ecookies\u201d Acest website folose\u0219te cookie-uri proprii \u0219i ale unor ter\u021be p\u0103r\u021bi pentru a personaliza con\u021binutul \u0219i anun\u021burile, pentru a oferi func\u021bii de social media \u0219i pentru a analiza traficul nostru. De asemenea, partenerii no\u0219tri de social media, de publicitate \u0219i de analiz\u0103 pot avea informa\u021bii despre utilizarea de c\u0103tre dumneavoastr\u0103 a site-ului, [&hellip;]\" \/>\n<meta property=\"og:url\" content=\"https:\/\/theta.com.ro\/ro\/cookie-policy\/\" \/>\n<meta property=\"og:site_name\" content=\"Theta Furniture &amp; More\" \/>\n<meta property=\"article:modified_time\" content=\"2021-08-25T07:25:05+00:00\" \/>\n<meta name=\"twitter:card\" content=\"summary_large_image\" \/>\n<meta name=\"twitter:label1\" content=\"Timp estimat pentru citire\" \/>\n\t<meta name=\"twitter:data1\" content=\"6 minute\" \/>\n<script type=\"application\/ld+json\" class=\"yoast-schema-graph\">{\"@context\":\"https:\/\/schema.org\",\"@graph\":[{\"@type\":\"Organization\",\"@id\":\"https:\/\/theta.com.ro\/ro\/#organization\",\"name\":\"Theta Furniture & More\",\"url\":\"https:\/\/theta.com.ro\/ro\/\",\"sameAs\":[],\"logo\":{\"@type\":\"ImageObject\",\"@id\":\"https:\/\/theta.com.ro\/ro\/#logo\",\"inLanguage\":\"ro-RO\",\"url\":\"https:\/\/theta.com.ro\/wp-content\/uploads\/2021\/06\/Theta_logo.png\",\"contentUrl\":\"https:\/\/theta.com.ro\/wp-content\/uploads\/2021\/06\/Theta_logo.png\",\"width\":236,\"height\":84,\"caption\":\"Theta Furniture & More\"},\"image\":{\"@id\":\"https:\/\/theta.com.ro\/ro\/#logo\"}},{\"@type\":\"WebSite\",\"@id\":\"https:\/\/theta.com.ro\/ro\/#website\",\"url\":\"https:\/\/theta.com.ro\/ro\/\",\"name\":\"Theta Furniture &amp; More\",\"description\":\"Furniture &amp; More\",\"publisher\":{\"@id\":\"https:\/\/theta.com.ro\/ro\/#organization\"},\"potentialAction\":[{\"@type\":\"SearchAction\",\"target\":{\"@type\":\"EntryPoint\",\"urlTemplate\":\"https:\/\/theta.com.ro\/ro\/?s={search_term_string}\"},\"query-input\":\"required name=search_term_string\"}],\"inLanguage\":\"ro-RO\"},{\"@type\":\"WebPage\",\"@id\":\"https:\/\/theta.com.ro\/ro\/cookie-policy\/#webpage\",\"url\":\"https:\/\/theta.com.ro\/ro\/cookie-policy\/\",\"name\":\"Politica de utilizare \\u201ecookies\\u201d - Theta Furniture &amp; More\",\"isPartOf\":{\"@id\":\"https:\/\/theta.com.ro\/ro\/#website\"},\"datePublished\":\"2021-07-23T06:57:47+00:00\",\"dateModified\":\"2021-08-25T07:25:05+00:00\",\"breadcrumb\":{\"@id\":\"https:\/\/theta.com.ro\/ro\/cookie-policy\/#breadcrumb\"},\"inLanguage\":\"ro-RO\",\"potentialAction\":[{\"@type\":\"ReadAction\",\"target\":[\"https:\/\/theta.com.ro\/ro\/cookie-policy\/\"]}]},{\"@type\":\"BreadcrumbList\",\"@id\":\"https:\/\/theta.com.ro\/ro\/cookie-policy\/#breadcrumb\",\"itemListElement\":[{\"@type\":\"ListItem\",\"position\":1,\"name\":\"Home\",\"item\":\"https:\/\/theta.com.ro\/ro\/\"},{\"@type\":\"ListItem\",\"position\":2,\"name\":\"Politica de utilizare \\u201ecookies\\u201d\"}]}]}<\/script>\n<!-- \/ Yoast SEO plugin. -->","yoast_head_json":{"title":"Politica de utilizare \u201ecookies\u201d - Theta Furniture &amp; More","robots":{"index":"index","follow":"follow","max-snippet":"max-snippet:-1","max-image-preview":"max-image-preview:large","max-video-preview":"max-video-preview:-1"},"canonical":"https:\/\/theta.com.ro\/ro\/cookie-policy\/","og_locale":"ro_RO","og_type":"article","og_title":"Politica de utilizare \u201ecookies\u201d - Theta Furniture &amp; More","og_description":"Politica de utilizare \u201ecookies\u201d Acest website folose\u0219te cookie-uri proprii \u0219i ale unor ter\u021be p\u0103r\u021bi pentru a personaliza con\u021binutul \u0219i anun\u021burile, pentru a oferi func\u021bii de social media \u0219i pentru a analiza traficul nostru. De asemenea, partenerii no\u0219tri de social media, de publicitate \u0219i de analiz\u0103 pot avea informa\u021bii despre utilizarea de c\u0103tre dumneavoastr\u0103 a site-ului, [&hellip;]","og_url":"https:\/\/theta.com.ro\/ro\/cookie-policy\/","og_site_name":"Theta Furniture &amp; More","article_modified_time":"2021-08-25T07:25:05+00:00","twitter_card":"summary_large_image","twitter_misc":{"Timp estimat pentru citire":"6 minute"},"schema":{"@context":"https:\/\/schema.org","@graph":[{"@type":"Organization","@id":"https:\/\/theta.com.ro\/ro\/#organization","name":"Theta Furniture & More","url":"https:\/\/theta.com.ro\/ro\/","sameAs":[],"logo":{"@type":"ImageObject","@id":"https:\/\/theta.com.ro\/ro\/#logo","inLanguage":"ro-RO","url":"https:\/\/theta.com.ro\/wp-content\/uploads\/2021\/06\/Theta_logo.png","contentUrl":"https:\/\/theta.com.ro\/wp-content\/uploads\/2021\/06\/Theta_logo.png","width":236,"height":84,"caption":"Theta Furniture & More"},"image":{"@id":"https:\/\/theta.com.ro\/ro\/#logo"}},{"@type":"WebSite","@id":"https:\/\/theta.com.ro\/ro\/#website","url":"https:\/\/theta.com.ro\/ro\/","name":"Theta Furniture &amp; More","description":"Furniture &amp; More","publisher":{"@id":"https:\/\/theta.com.ro\/ro\/#organization"},"potentialAction":[{"@type":"SearchAction","target":{"@type":"EntryPoint","urlTemplate":"https:\/\/theta.com.ro\/ro\/?s={search_term_string}"},"query-input":"required name=search_term_string"}],"inLanguage":"ro-RO"},{"@type":"WebPage","@id":"https:\/\/theta.com.ro\/ro\/cookie-policy\/#webpage","url":"https:\/\/theta.com.ro\/ro\/cookie-policy\/","name":"Politica de utilizare \u201ecookies\u201d - Theta Furniture &amp; More","isPartOf":{"@id":"https:\/\/theta.com.ro\/ro\/#website"},"datePublished":"2021-07-23T06:57:47+00:00","dateModified":"2021-08-25T07:25:05+00:00","breadcrumb":{"@id":"https:\/\/theta.com.ro\/ro\/cookie-policy\/#breadcrumb"},"inLanguage":"ro-RO","potentialAction":[{"@type":"ReadAction","target":["https:\/\/theta.com.ro\/ro\/cookie-policy\/"]}]},{"@type":"BreadcrumbList","@id":"https:\/\/theta.com.ro\/ro\/cookie-policy\/#breadcrumb","itemListElement":[{"@type":"ListItem","position":1,"name":"Home","item":"https:\/\/theta.com.ro\/ro\/"},{"@type":"ListItem","position":2,"name":"Politica de utilizare \u201ecookies\u201d"}]}]}},"_links":{"self":[{"href":"https:\/\/theta.com.ro\/ro\/wp-json\/wp\/v2\/pages\/3906","targetHints":{"allow":["GET"]}}],"collection":[{"href":"https:\/\/theta.com.ro\/ro\/wp-json\/wp\/v2\/pages"}],"about":[{"href":"https:\/\/theta.com.ro\/ro\/wp-json\/wp\/v2\/types\/page"}],"author":[{"embeddable":true,"href":"https:\/\/theta.com.ro\/ro\/wp-json\/wp\/v2\/users\/1"}],"replies":[{"embeddable":true,"href":"https:\/\/theta.com.ro\/ro\/wp-json\/wp\/v2\/comments?post=3906"}],"version-history":[{"count":4,"href":"https:\/\/theta.com.ro\/ro\/wp-json\/wp\/v2\/pages\/3906\/revisions"}],"predecessor-version":[{"id":6306,"href":"https:\/\/theta.com.ro\/ro\/wp-json\/wp\/v2\/pages\/3906\/revisions\/6306"}],"wp:attachment":[{"href":"https:\/\/theta.com.ro\/ro\/wp-json\/wp\/v2\/media?parent=3906"}],"curies":[{"name":"wp","href":"https:\/\/api.w.org\/{rel}","templated":true}]}}