{"id":7184,"date":"2022-03-25T12:04:09","date_gmt":"2022-03-25T12:04:09","guid":{"rendered":"https:\/\/theta.com.ro\/corporate-social-responsibility\/"},"modified":"2022-03-25T12:24:41","modified_gmt":"2022-03-25T12:24:41","slug":"responsabilitate-sociala-corporativa","status":"publish","type":"page","link":"https:\/\/theta.com.ro\/ro\/responsabilitate-sociala-corporativa\/","title":{"rendered":"Responsabilitate Sociala Corporativa"},"content":{"rendered":"\t\t<div data-elementor-type=\"wp-page\" data-elementor-id=\"7184\" class=\"elementor elementor-7184 elementor-7173\">\n\t\t\t\t\t\t\t\t\t<section class=\"elementor-section elementor-top-section elementor-element elementor-element-b42cc4c elementor-section-boxed elementor-section-height-default elementor-section-height-default\" data-id=\"b42cc4c\" data-element_type=\"section\">\n\t\t\t\t\t\t<div class=\"elementor-container elementor-column-gap-default\">\n\t\t\t\t\t<div class=\"elementor-column elementor-col-100 elementor-top-column elementor-element elementor-element-efa4675\" data-id=\"efa4675\" data-element_type=\"column\">\n\t\t\t<div class=\"elementor-widget-wrap elementor-element-populated\">\n\t\t\t\t\t\t\t\t<div class=\"elementor-element elementor-element-f4747fb elementor-widget elementor-widget-heading\" data-id=\"f4747fb\" data-element_type=\"widget\" data-widget_type=\"heading.default\">\n\t\t\t\t<div class=\"elementor-widget-container\">\n\t\t\t<h1 class=\"elementor-heading-title elementor-size-default\">Responsabilitate sociala corporativa<\/h1>\t\t<\/div>\n\t\t\t\t<\/div>\n\t\t\t\t<div class=\"elementor-element elementor-element-8fafada elementor-widget elementor-widget-text-editor\" data-id=\"8fafada\" data-element_type=\"widget\" data-widget_type=\"text-editor.default\">\n\t\t\t\t<div class=\"elementor-widget-container\">\n\t\t\t\t\t\t\t<p class=\"p1\">Pentru c\u0103 este o companie interna\u021bional\u0103, INTERMEDIO GENERAL GRUP S.A interac\u021bioneaz\u0103 cu mii de clien\u021bi, angaja\u021bi, furnizori \u0219i stakeholderi. Felul \u00een care ac\u021bion\u0103m are un impact asupra mediului \u00een care activ\u0103m, ceea ce \u00eenseamn\u0103 c\u0103 avem o mare responsabilitate.\u00a0<\/p><p class=\"p1\">Din ariile noastre de responsabilitate fac parte inclusiv angaja\u021bii INTERMEDIO GENERAL GRUP S.A, dar \u0219i angaja\u021bii care lucreaz\u0103 pentru furnizorii no\u0219tri din toat\u0103 lumea. Avem responsabilitatea de a ne asigura c\u0103 produsele noastre sunt realizate cu respect fa\u021b\u0103 de oameni, animale \u0219i natur\u0103.<\/p><p class=\"p1\">Prin <a href=\"https:\/\/theta.com.ro\/ro\/cod-de-conduita\/\">Codul de conduit\u0103 comun<\/a>, pe care to\u021bi furnizorii no\u0219tri trebuie s\u0103 \u00eel accepte \u0219i s\u0103 \u00eel respecte, cerem respectarea mediului, a climatului, a bun\u0103st\u0103rii animalelor, siguran\u021bei produselor \u0219i a codi\u021biilor etice \u0219i sociale.\u00a0<\/p><p class=\"p1\">Responsabilitatea social\u0103 corporativ\u0103 (CSR) este un proces continuu \u00een cadrul c\u0103ruia se dezvolt\u0103 \u00een permanen\u021b\u0103 noi arii \u0219i metode. Credem c\u0103 dialogul cu toate p\u0103r\u021bile implicate \u00een activit\u0103\u021bile noastre, sunt procese continue de \u00eenv\u0103\u021bare. Este esen\u021bial, de asemenea, s\u0103 \u00een\u021belegem c\u00e2t mai bine provoc\u0103rile complexe pe care le \u00eent\u00e2lnim \u00een calitate de companie care are parteneriate &amp; expertiz\u0103 \u0219i la nivel interna\u021bional. Consider\u0103m c\u0103 prin cooperare, dialog \u0219i angajamentele luate vom putea merge mai departe \u00een \u00eencercarea noastr\u0103 de a \u00eembun\u0103t\u0103\u021bi condi\u021biile sociale \u0219i de mediu.<\/p>\t\t\t\t\t\t<\/div>\n\t\t\t\t<\/div>\n\t\t\t\t\t<\/div>\n\t\t<\/div>\n\t\t\t\t\t\t\t<\/div>\n\t\t<\/section>\n\t\t\t\t\t\t\t<\/div>\n\t\t","protected":false},"excerpt":{"rendered":"<p>Responsabilitate sociala corporativa Pentru c\u0103 este o companie interna\u021bional\u0103, INTERMEDIO GENERAL GRUP S.A interac\u021bioneaz\u0103 cu mii de clien\u021bi, angaja\u021bi, furnizori \u0219i stakeholderi. Felul \u00een care ac\u021bion\u0103m are un impact asupra mediului \u00een care activ\u0103m, ceea ce \u00eenseamn\u0103 c\u0103 avem o mare responsabilitate.\u00a0 Din ariile noastre de responsabilitate fac parte inclusiv angaja\u021bii INTERMEDIO GENERAL GRUP S.A, [&hellip;]<\/p>\n","protected":false},"author":1,"featured_media":0,"parent":0,"menu_order":0,"comment_status":"closed","ping_status":"closed","template":"","meta":{"footnotes":""},"class_list":["post-7184","page","type-page","status-publish","hentry"],"yoast_head":"<!-- This site is optimized with the Yoast SEO plugin v17.0 - https:\/\/yoast.com\/wordpress\/plugins\/seo\/ -->\n<title>Responsabilitate Sociala Corporativa - Theta Furniture &amp; More<\/title>\n<meta name=\"robots\" content=\"index, follow, max-snippet:-1, max-image-preview:large, max-video-preview:-1\" \/>\n<link rel=\"canonical\" href=\"https:\/\/theta.com.ro\/ro\/responsabilitate-sociala-corporativa\/\" \/>\n<meta property=\"og:locale\" content=\"ro_RO\" \/>\n<meta property=\"og:type\" content=\"article\" \/>\n<meta property=\"og:title\" content=\"Responsabilitate Sociala Corporativa - Theta Furniture &amp; More\" \/>\n<meta property=\"og:description\" content=\"Responsabilitate sociala corporativa Pentru c\u0103 este o companie interna\u021bional\u0103, INTERMEDIO GENERAL GRUP S.A interac\u021bioneaz\u0103 cu mii de clien\u021bi, angaja\u021bi, furnizori \u0219i stakeholderi. Felul \u00een care ac\u021bion\u0103m are un impact asupra mediului \u00een care activ\u0103m, ceea ce \u00eenseamn\u0103 c\u0103 avem o mare responsabilitate.\u00a0 Din ariile noastre de responsabilitate fac parte inclusiv angaja\u021bii INTERMEDIO GENERAL GRUP S.A, [&hellip;]\" \/>\n<meta property=\"og:url\" content=\"https:\/\/theta.com.ro\/ro\/responsabilitate-sociala-corporativa\/\" \/>\n<meta property=\"og:site_name\" content=\"Theta Furniture &amp; More\" \/>\n<meta property=\"article:modified_time\" content=\"2022-03-25T12:24:41+00:00\" \/>\n<meta name=\"twitter:card\" content=\"summary_large_image\" \/>\n<meta name=\"twitter:label1\" content=\"Timp estimat pentru citire\" \/>\n\t<meta name=\"twitter:data1\" content=\"1 minut\" \/>\n<script type=\"application\/ld+json\" class=\"yoast-schema-graph\">{\"@context\":\"https:\/\/schema.org\",\"@graph\":[{\"@type\":\"Organization\",\"@id\":\"https:\/\/theta.com.ro\/ro\/#organization\",\"name\":\"Theta Furniture & More\",\"url\":\"https:\/\/theta.com.ro\/ro\/\",\"sameAs\":[],\"logo\":{\"@type\":\"ImageObject\",\"@id\":\"https:\/\/theta.com.ro\/ro\/#logo\",\"inLanguage\":\"ro-RO\",\"url\":\"https:\/\/theta.com.ro\/wp-content\/uploads\/2021\/06\/Theta_logo.png\",\"contentUrl\":\"https:\/\/theta.com.ro\/wp-content\/uploads\/2021\/06\/Theta_logo.png\",\"width\":236,\"height\":84,\"caption\":\"Theta Furniture & More\"},\"image\":{\"@id\":\"https:\/\/theta.com.ro\/ro\/#logo\"}},{\"@type\":\"WebSite\",\"@id\":\"https:\/\/theta.com.ro\/ro\/#website\",\"url\":\"https:\/\/theta.com.ro\/ro\/\",\"name\":\"Theta Furniture &amp; More\",\"description\":\"Furniture &amp; More\",\"publisher\":{\"@id\":\"https:\/\/theta.com.ro\/ro\/#organization\"},\"potentialAction\":[{\"@type\":\"SearchAction\",\"target\":{\"@type\":\"EntryPoint\",\"urlTemplate\":\"https:\/\/theta.com.ro\/ro\/?s={search_term_string}\"},\"query-input\":\"required name=search_term_string\"}],\"inLanguage\":\"ro-RO\"},{\"@type\":\"WebPage\",\"@id\":\"https:\/\/theta.com.ro\/ro\/responsabilitate-sociala-corporativa\/#webpage\",\"url\":\"https:\/\/theta.com.ro\/ro\/responsabilitate-sociala-corporativa\/\",\"name\":\"Responsabilitate Sociala Corporativa - Theta Furniture &amp; More\",\"isPartOf\":{\"@id\":\"https:\/\/theta.com.ro\/ro\/#website\"},\"datePublished\":\"2022-03-25T12:04:09+00:00\",\"dateModified\":\"2022-03-25T12:24:41+00:00\",\"breadcrumb\":{\"@id\":\"https:\/\/theta.com.ro\/ro\/responsabilitate-sociala-corporativa\/#breadcrumb\"},\"inLanguage\":\"ro-RO\",\"potentialAction\":[{\"@type\":\"ReadAction\",\"target\":[\"https:\/\/theta.com.ro\/ro\/responsabilitate-sociala-corporativa\/\"]}]},{\"@type\":\"BreadcrumbList\",\"@id\":\"https:\/\/theta.com.ro\/ro\/responsabilitate-sociala-corporativa\/#breadcrumb\",\"itemListElement\":[{\"@type\":\"ListItem\",\"position\":1,\"name\":\"Home\",\"item\":\"https:\/\/theta.com.ro\/ro\/\"},{\"@type\":\"ListItem\",\"position\":2,\"name\":\"Responsabilitate Sociala Corporativa\"}]}]}<\/script>\n<!-- \/ Yoast SEO plugin. -->","yoast_head_json":{"title":"Responsabilitate Sociala Corporativa - Theta Furniture &amp; More","robots":{"index":"index","follow":"follow","max-snippet":"max-snippet:-1","max-image-preview":"max-image-preview:large","max-video-preview":"max-video-preview:-1"},"canonical":"https:\/\/theta.com.ro\/ro\/responsabilitate-sociala-corporativa\/","og_locale":"ro_RO","og_type":"article","og_title":"Responsabilitate Sociala Corporativa - Theta Furniture &amp; More","og_description":"Responsabilitate sociala corporativa Pentru c\u0103 este o companie interna\u021bional\u0103, INTERMEDIO GENERAL GRUP S.A interac\u021bioneaz\u0103 cu mii de clien\u021bi, angaja\u021bi, furnizori \u0219i stakeholderi. Felul \u00een care ac\u021bion\u0103m are un impact asupra mediului \u00een care activ\u0103m, ceea ce \u00eenseamn\u0103 c\u0103 avem o mare responsabilitate.\u00a0 Din ariile noastre de responsabilitate fac parte inclusiv angaja\u021bii INTERMEDIO GENERAL GRUP S.A, [&hellip;]","og_url":"https:\/\/theta.com.ro\/ro\/responsabilitate-sociala-corporativa\/","og_site_name":"Theta Furniture &amp; More","article_modified_time":"2022-03-25T12:24:41+00:00","twitter_card":"summary_large_image","twitter_misc":{"Timp estimat pentru citire":"1 minut"},"schema":{"@context":"https:\/\/schema.org","@graph":[{"@type":"Organization","@id":"https:\/\/theta.com.ro\/ro\/#organization","name":"Theta Furniture & More","url":"https:\/\/theta.com.ro\/ro\/","sameAs":[],"logo":{"@type":"ImageObject","@id":"https:\/\/theta.com.ro\/ro\/#logo","inLanguage":"ro-RO","url":"https:\/\/theta.com.ro\/wp-content\/uploads\/2021\/06\/Theta_logo.png","contentUrl":"https:\/\/theta.com.ro\/wp-content\/uploads\/2021\/06\/Theta_logo.png","width":236,"height":84,"caption":"Theta Furniture & More"},"image":{"@id":"https:\/\/theta.com.ro\/ro\/#logo"}},{"@type":"WebSite","@id":"https:\/\/theta.com.ro\/ro\/#website","url":"https:\/\/theta.com.ro\/ro\/","name":"Theta Furniture &amp; More","description":"Furniture &amp; More","publisher":{"@id":"https:\/\/theta.com.ro\/ro\/#organization"},"potentialAction":[{"@type":"SearchAction","target":{"@type":"EntryPoint","urlTemplate":"https:\/\/theta.com.ro\/ro\/?s={search_term_string}"},"query-input":"required name=search_term_string"}],"inLanguage":"ro-RO"},{"@type":"WebPage","@id":"https:\/\/theta.com.ro\/ro\/responsabilitate-sociala-corporativa\/#webpage","url":"https:\/\/theta.com.ro\/ro\/responsabilitate-sociala-corporativa\/","name":"Responsabilitate Sociala Corporativa - Theta Furniture &amp; More","isPartOf":{"@id":"https:\/\/theta.com.ro\/ro\/#website"},"datePublished":"2022-03-25T12:04:09+00:00","dateModified":"2022-03-25T12:24:41+00:00","breadcrumb":{"@id":"https:\/\/theta.com.ro\/ro\/responsabilitate-sociala-corporativa\/#breadcrumb"},"inLanguage":"ro-RO","potentialAction":[{"@type":"ReadAction","target":["https:\/\/theta.com.ro\/ro\/responsabilitate-sociala-corporativa\/"]}]},{"@type":"BreadcrumbList","@id":"https:\/\/theta.com.ro\/ro\/responsabilitate-sociala-corporativa\/#breadcrumb","itemListElement":[{"@type":"ListItem","position":1,"name":"Home","item":"https:\/\/theta.com.ro\/ro\/"},{"@type":"ListItem","position":2,"name":"Responsabilitate Sociala Corporativa"}]}]}},"_links":{"self":[{"href":"https:\/\/theta.com.ro\/ro\/wp-json\/wp\/v2\/pages\/7184","targetHints":{"allow":["GET"]}}],"collection":[{"href":"https:\/\/theta.com.ro\/ro\/wp-json\/wp\/v2\/pages"}],"about":[{"href":"https:\/\/theta.com.ro\/ro\/wp-json\/wp\/v2\/types\/page"}],"author":[{"embeddable":true,"href":"https:\/\/theta.com.ro\/ro\/wp-json\/wp\/v2\/users\/1"}],"replies":[{"embeddable":true,"href":"https:\/\/theta.com.ro\/ro\/wp-json\/wp\/v2\/comments?post=7184"}],"version-history":[{"count":14,"href":"https:\/\/theta.com.ro\/ro\/wp-json\/wp\/v2\/pages\/7184\/revisions"}],"predecessor-version":[{"id":7219,"href":"https:\/\/theta.com.ro\/ro\/wp-json\/wp\/v2\/pages\/7184\/revisions\/7219"}],"wp:attachment":[{"href":"https:\/\/theta.com.ro\/ro\/wp-json\/wp\/v2\/media?parent=7184"}],"curies":[{"name":"wp","href":"https:\/\/api.w.org\/{rel}","templated":true}]}}